{"id":490,"date":"2020-09-16T17:43:20","date_gmt":"2020-09-16T20:43:20","guid":{"rendered":"http:\/\/divemore.com.br\/?page_id=490"},"modified":"2024-05-29T15:37:19","modified_gmt":"2024-05-29T18:37:19","slug":"open-water-diver","status":"publish","type":"page","link":"https:\/\/divemore.com.br\/?page_id=490","title":{"rendered":"OPEN WATER DIVER"},"content":{"rendered":"\n<figure class=\"wp-block-image size-large\"><img fetchpriority=\"high\" decoding=\"async\" width=\"1024\" height=\"1015\" src=\"http:\/\/divemore.com.br\/wp-content\/uploads\/2022\/03\/image-4-1024x1015.png\" alt=\"\" class=\"wp-image-1759\" srcset=\"https:\/\/divemore.com.br\/wp-content\/uploads\/2022\/03\/image-4-1024x1015.png 1024w, https:\/\/divemore.com.br\/wp-content\/uploads\/2022\/03\/image-4-300x297.png 300w, https:\/\/divemore.com.br\/wp-content\/uploads\/2022\/03\/image-4-150x150.png 150w, https:\/\/divemore.com.br\/wp-content\/uploads\/2022\/03\/image-4-768x762.png 768w, https:\/\/divemore.com.br\/wp-content\/uploads\/2022\/03\/image-4-600x595.png 600w, https:\/\/divemore.com.br\/wp-content\/uploads\/2022\/03\/image-4-100x100.png 100w, https:\/\/divemore.com.br\/wp-content\/uploads\/2022\/03\/image-4-61x60.png 61w, https:\/\/divemore.com.br\/wp-content\/uploads\/2022\/03\/image-4-91x90.png 91w, https:\/\/divemore.com.br\/wp-content\/uploads\/2022\/03\/image-4.png 1191w\" sizes=\"(max-width: 1024px) 100vw, 1024px\" \/><\/figure>\n\n\n\n<p>Tornar-se mergulhador \u00e9 o primeiro passo de uma jornada que mudar\u00e1 para sempre a maneira como voc\u00ea experimenta o mundo. Voc\u00ea ir\u00e1 explorar as maravilhas de um mundo subaqu\u00e1tico, interagir com a incr\u00edvel vida marinha e descobrir ecossistemas escondidos sob a superf\u00edcie.<\/p>\n\n\n\n<p>&nbsp;Aprender a mergulhar \u00e9 muito mais f\u00e1cil do que voc\u00ea pensa e a melhor maneira de experimentar esse incr\u00edvel novo esporte \u00e9 participando de um programa SSI.<\/p>\n\n\n\n<p>&nbsp;Se voc\u00ea quiser mergulhar em qualquer lugar, sem precisar de supervis\u00e3o direta, o programa Open Water Diver \u00e9 a sua certifica\u00e7\u00e3o internacional para fazer parte de um grupo exclusivo de exploradores subaqu\u00e1ticos que a maioria das pessoas sonha em se juntar.<\/p>\n\n\n\n<p>Ap\u00f3s a conclus\u00e3o do curso, voc\u00ea receber\u00e1 uma certifica\u00e7\u00e3o internacional, indicando que est\u00e1 apto a mergulhar at\u00e9&nbsp;18m de profundidade em qualquer lugar do mundo, dentro do seu n\u00edvel de treinamento e experi\u00eancia, e buscar novas aventuras em nossos outros programas de treinamento.<\/p>\n\n\n\n<p>Tornar-se um mergulhador abre uma porta para um mundo totalmente novo. Abra a sua porta e entre neste mundo!<\/p>\n\n\n\n<p><strong>Pr\u00e9-requisitos:<\/strong> Ter pelo menos 10 anos de idade; Sentir-se \u00e0 vontade na \u00e1gua e Exame m\u00e9dico.&nbsp;&nbsp;&nbsp;&nbsp;&nbsp;&nbsp;&nbsp;&nbsp;&nbsp;&nbsp;&nbsp;&nbsp;&nbsp;<\/p>\n\n\n\n<p><strong>Estrutura do Curso:<\/strong><\/p>\n\n\n\n<p><strong>&nbsp;&nbsp;&nbsp;&nbsp;&nbsp;&nbsp;&nbsp;&nbsp;&nbsp; <\/strong>Auto estudo em plataforma digital (6 m\u00f3dulos- 166 p\u00e1ginas);<\/p>\n\n\n\n<p>&nbsp;&nbsp;&nbsp;&nbsp;&nbsp;&nbsp;&nbsp;&nbsp;&nbsp; Instru\u00e7\u00e3o te\u00f3rica on-line e ou presencial (4 a 6 horas);<\/p>\n\n\n\n<p>&nbsp;&nbsp;&nbsp;&nbsp;&nbsp;&nbsp;&nbsp;&nbsp;&nbsp; Aulas pr\u00e1ticas em piscina de 2m de profundidade (3 a 4horas);<\/p>\n\n\n\n<p>&nbsp;&nbsp; &nbsp;&nbsp;&nbsp;&nbsp;&nbsp;&nbsp; 4 mergulhos no mar (mergulhos de aproximadamente 1 hora -feitos em dois dias).<br><\/p>\n\n\n\n<p><strong>Incluso<\/strong><\/p>\n\n\n\n<p>Manual digital do curso Openn Water Diver, Tabela Digital e Loog Book Digital;<\/p>\n\n\n\n<p>Aulas te\u00f3ricas;<\/p>\n\n\n\n<p>Treinamento em piscina de 2 metros de profundidade;<\/p>\n\n\n\n<p>4 mergulhos no mar feitos em 2 dias distintos;<\/p>\n\n\n\n<p>Todo o equipamento necess\u00e1rio (empr\u00e9stimo durante o curso);<\/p>\n\n\n\n<p>Aulas extras, sem custo, se necess\u00e1rio for;<\/p>\n\n\n\n<p>Certifica\u00e7\u00e3o Interacional SSI.<\/p>\n\n\n\n<figure class=\"wp-block-gallery has-nested-images columns-default is-cropped wp-block-gallery-1 is-layout-flex wp-block-gallery-is-layout-flex\">\n<figure class=\"wp-block-image size-large\"><img decoding=\"async\" width=\"768\" height=\"1024\" data-id=\"1962\" src=\"https:\/\/divemore.com.br\/wp-content\/uploads\/2024\/05\/piscina-alunos-montanha-768x1024.jpeg\" alt=\"\" class=\"wp-image-1962\" srcset=\"https:\/\/divemore.com.br\/wp-content\/uploads\/2024\/05\/piscina-alunos-montanha-768x1024.jpeg 768w, https:\/\/divemore.com.br\/wp-content\/uploads\/2024\/05\/piscina-alunos-montanha-225x300.jpeg 225w, https:\/\/divemore.com.br\/wp-content\/uploads\/2024\/05\/piscina-alunos-montanha-600x800.jpeg 600w, https:\/\/divemore.com.br\/wp-content\/uploads\/2024\/05\/piscina-alunos-montanha.jpeg 960w\" sizes=\"(max-width: 768px) 100vw, 768px\" \/><\/figure>\n\n\n\n<figure class=\"wp-block-image size-large\"><img decoding=\"async\" width=\"862\" height=\"1024\" data-id=\"1959\" src=\"https:\/\/divemore.com.br\/wp-content\/uploads\/2024\/05\/piscina-100-862x1024.jpeg\" alt=\"\" class=\"wp-image-1959\" srcset=\"https:\/\/divemore.com.br\/wp-content\/uploads\/2024\/05\/piscina-100-862x1024.jpeg 862w, https:\/\/divemore.com.br\/wp-content\/uploads\/2024\/05\/piscina-100-252x300.jpeg 252w, https:\/\/divemore.com.br\/wp-content\/uploads\/2024\/05\/piscina-100-768x913.jpeg 768w, https:\/\/divemore.com.br\/wp-content\/uploads\/2024\/05\/piscina-100-600x713.jpeg 600w, https:\/\/divemore.com.br\/wp-content\/uploads\/2024\/05\/piscina-100.jpeg 960w\" sizes=\"(max-width: 862px) 100vw, 862px\" \/><\/figure>\n<\/figure>\n\n\n\n<figure class=\"wp-block-gallery has-nested-images columns-default is-cropped wp-block-gallery-2 is-layout-flex wp-block-gallery-is-layout-flex\">\n<figure class=\"wp-block-image size-large\"><img loading=\"lazy\" decoding=\"async\" width=\"768\" height=\"1024\" data-id=\"1806\" src=\"https:\/\/divemore.com.br\/wp-content\/uploads\/2022\/03\/PSX_20220323_2021111-768x1024.jpg\" alt=\"\" class=\"wp-image-1806\" srcset=\"https:\/\/divemore.com.br\/wp-content\/uploads\/2022\/03\/PSX_20220323_2021111-768x1024.jpg 768w, https:\/\/divemore.com.br\/wp-content\/uploads\/2022\/03\/PSX_20220323_2021111-225x300.jpg 225w, https:\/\/divemore.com.br\/wp-content\/uploads\/2022\/03\/PSX_20220323_2021111-1152x1536.jpg 1152w, https:\/\/divemore.com.br\/wp-content\/uploads\/2022\/03\/PSX_20220323_2021111-1536x2048.jpg 1536w, https:\/\/divemore.com.br\/wp-content\/uploads\/2022\/03\/PSX_20220323_2021111-600x800.jpg 600w, https:\/\/divemore.com.br\/wp-content\/uploads\/2022\/03\/PSX_20220323_2021111-scaled.jpg 1920w\" sizes=\"(max-width: 768px) 100vw, 768px\" \/><\/figure>\n\n\n\n<figure class=\"wp-block-image size-large\"><img loading=\"lazy\" decoding=\"async\" width=\"768\" height=\"1024\" data-id=\"2043\" src=\"https:\/\/divemore.com.br\/wp-content\/uploads\/2024\/05\/PSX_20220731_173840-768x1024.jpg\" alt=\"\" class=\"wp-image-2043\" srcset=\"https:\/\/divemore.com.br\/wp-content\/uploads\/2024\/05\/PSX_20220731_173840-768x1024.jpg 768w, https:\/\/divemore.com.br\/wp-content\/uploads\/2024\/05\/PSX_20220731_173840-225x300.jpg 225w, https:\/\/divemore.com.br\/wp-content\/uploads\/2024\/05\/PSX_20220731_173840-1152x1536.jpg 1152w, https:\/\/divemore.com.br\/wp-content\/uploads\/2024\/05\/PSX_20220731_173840-1536x2048.jpg 1536w, https:\/\/divemore.com.br\/wp-content\/uploads\/2024\/05\/PSX_20220731_173840-600x800.jpg 600w, https:\/\/divemore.com.br\/wp-content\/uploads\/2024\/05\/PSX_20220731_173840-scaled.jpg 1920w\" sizes=\"(max-width: 768px) 100vw, 768px\" \/><\/figure>\n<\/figure>\n\n\n\n<p><strong>OPEN WATER DIVER<\/strong><\/p>\n\n\n\n<figure class=\"wp-block-embed is-type-video is-provider-youtube wp-block-embed-youtube wp-embed-aspect-16-9 wp-has-aspect-ratio\"><div class=\"wp-block-embed__wrapper\">\n<iframe title=\"SSI Open Water Diver Trailer | Scuba Schools International\" width=\"640\" height=\"360\" src=\"https:\/\/www.youtube.com\/embed\/-paDQXtRQzk?feature=oembed\" frameborder=\"0\" allow=\"accelerometer; autoplay; clipboard-write; encrypted-media; gyroscope; picture-in-picture; web-share\" referrerpolicy=\"strict-origin-when-cross-origin\" allowfullscreen><\/iframe>\n<\/div><\/figure>\n\n\n\n<p><strong>Entre em contato para mais informa\u00e7\u00f5es.<\/strong><\/p>\n\n\n\n<p><strong>alessandro@divemore.com.br<\/strong><\/p>\n\n\n\n<p><strong>(48) 99102 8084<\/strong><\/p>\n\n\n\n<ul class=\"wp-block-social-links is-layout-flex wp-block-social-links-is-layout-flex\">\n\n\n\n\n\n<li class=\"wp-social-link wp-social-link-instagram  wp-block-social-link\"><a href=\"https:\/\/www.instagram.com\/dive.more\/\" class=\"wp-block-social-link-anchor\"><svg width=\"24\" height=\"24\" viewBox=\"0 0 24 24\" version=\"1.1\" xmlns=\"http:\/\/www.w3.org\/2000\/svg\" aria-hidden=\"true\" focusable=\"false\"><path d=\"M12,4.622c2.403,0,2.688,0.009,3.637,0.052c0.877,0.04,1.354,0.187,1.671,0.31c0.42,0.163,0.72,0.358,1.035,0.673 c0.315,0.315,0.51,0.615,0.673,1.035c0.123,0.317,0.27,0.794,0.31,1.671c0.043,0.949,0.052,1.234,0.052,3.637 s-0.009,2.688-0.052,3.637c-0.04,0.877-0.187,1.354-0.31,1.671c-0.163,0.42-0.358,0.72-0.673,1.035 c-0.315,0.315-0.615,0.51-1.035,0.673c-0.317,0.123-0.794,0.27-1.671,0.31c-0.949,0.043-1.233,0.052-3.637,0.052 s-2.688-0.009-3.637-0.052c-0.877-0.04-1.354-0.187-1.671-0.31c-0.42-0.163-0.72-0.358-1.035-0.673 c-0.315-0.315-0.51-0.615-0.673-1.035c-0.123-0.317-0.27-0.794-0.31-1.671C4.631,14.688,4.622,14.403,4.622,12 s0.009-2.688,0.052-3.637c0.04-0.877,0.187-1.354,0.31-1.671c0.163-0.42,0.358-0.72,0.673-1.035 c0.315-0.315,0.615-0.51,1.035-0.673c0.317-0.123,0.794-0.27,1.671-0.31C9.312,4.631,9.597,4.622,12,4.622 M12,3 C9.556,3,9.249,3.01,8.289,3.054C7.331,3.098,6.677,3.25,6.105,3.472C5.513,3.702,5.011,4.01,4.511,4.511 c-0.5,0.5-0.808,1.002-1.038,1.594C3.25,6.677,3.098,7.331,3.054,8.289C3.01,9.249,3,9.556,3,12c0,2.444,0.01,2.751,0.054,3.711 c0.044,0.958,0.196,1.612,0.418,2.185c0.23,0.592,0.538,1.094,1.038,1.594c0.5,0.5,1.002,0.808,1.594,1.038 c0.572,0.222,1.227,0.375,2.185,0.418C9.249,20.99,9.556,21,12,21s2.751-0.01,3.711-0.054c0.958-0.044,1.612-0.196,2.185-0.418 c0.592-0.23,1.094-0.538,1.594-1.038c0.5-0.5,0.808-1.002,1.038-1.594c0.222-0.572,0.375-1.227,0.418-2.185 C20.99,14.751,21,14.444,21,12s-0.01-2.751-0.054-3.711c-0.044-0.958-0.196-1.612-0.418-2.185c-0.23-0.592-0.538-1.094-1.038-1.594 c-0.5-0.5-1.002-0.808-1.594-1.038c-0.572-0.222-1.227-0.375-2.185-0.418C14.751,3.01,14.444,3,12,3L12,3z M12,7.378 c-2.552,0-4.622,2.069-4.622,4.622S9.448,16.622,12,16.622s4.622-2.069,4.622-4.622S14.552,7.378,12,7.378z M12,15 c-1.657,0-3-1.343-3-3s1.343-3,3-3s3,1.343,3,3S13.657,15,12,15z M16.804,6.116c-0.596,0-1.08,0.484-1.08,1.08 s0.484,1.08,1.08,1.08c0.596,0,1.08-0.484,1.08-1.08S17.401,6.116,16.804,6.116z\"><\/path><\/svg><span class=\"wp-block-social-link-label screen-reader-text\">Instagram<\/span><\/a><\/li>\n\n\n\n\n\n\n\n<li class=\"wp-social-link wp-social-link-facebook  wp-block-social-link\"><a href=\"https:\/\/www.facebook.com\/divemoremergulho\/\" class=\"wp-block-social-link-anchor\"><svg width=\"24\" height=\"24\" viewBox=\"0 0 24 24\" version=\"1.1\" xmlns=\"http:\/\/www.w3.org\/2000\/svg\" aria-hidden=\"true\" focusable=\"false\"><path d=\"M12 2C6.5 2 2 6.5 2 12c0 5 3.7 9.1 8.4 9.9v-7H7.9V12h2.5V9.8c0-2.5 1.5-3.9 3.8-3.9 1.1 0 2.2.2 2.2.2v2.5h-1.3c-1.2 0-1.6.8-1.6 1.6V12h2.8l-.4 2.9h-2.3v7C18.3 21.1 22 17 22 12c0-5.5-4.5-10-10-10z\"><\/path><\/svg><span class=\"wp-block-social-link-label screen-reader-text\">Facebook<\/span><\/a><\/li>\n\n<li class=\"wp-social-link wp-social-link-youtube  wp-block-social-link\"><a href=\"https:\/\/www.youtube.com\/channel\/UCJvXSpe2P0TiipQ6egv9NQw\/featured?view_as=subscriber\" class=\"wp-block-social-link-anchor\"><svg width=\"24\" height=\"24\" viewBox=\"0 0 24 24\" version=\"1.1\" xmlns=\"http:\/\/www.w3.org\/2000\/svg\" aria-hidden=\"true\" focusable=\"false\"><path d=\"M21.8,8.001c0,0-0.195-1.378-0.795-1.985c-0.76-0.797-1.613-0.801-2.004-0.847c-2.799-0.202-6.997-0.202-6.997-0.202 h-0.009c0,0-4.198,0-6.997,0.202C4.608,5.216,3.756,5.22,2.995,6.016C2.395,6.623,2.2,8.001,2.2,8.001S2,9.62,2,11.238v1.517 c0,1.618,0.2,3.237,0.2,3.237s0.195,1.378,0.795,1.985c0.761,0.797,1.76,0.771,2.205,0.855c1.6,0.153,6.8,0.201,6.8,0.201 s4.203-0.006,7.001-0.209c0.391-0.047,1.243-0.051,2.004-0.847c0.6-0.607,0.795-1.985,0.795-1.985s0.2-1.618,0.2-3.237v-1.517 C22,9.62,21.8,8.001,21.8,8.001z M9.935,14.594l-0.001-5.62l5.404,2.82L9.935,14.594z\"><\/path><\/svg><span class=\"wp-block-social-link-label screen-reader-text\">YouTube<\/span><\/a><\/li><\/ul>\n\n\n\n<p><\/p>\n","protected":false},"excerpt":{"rendered":"<p>Tornar-se mergulhador \u00e9 o primeiro passo de uma jornada que mudar\u00e1 para sempre a maneira como voc\u00ea experimenta o mundo. Voc\u00ea ir\u00e1 explorar as maravilhas de um mundo subaqu\u00e1tico, interagir<\/p>\n","protected":false},"author":1,"featured_media":0,"parent":39,"menu_order":0,"comment_status":"closed","ping_status":"closed","template":"","meta":{"footnotes":""},"class_list":{"1":"page","2":"type-page","3":"status-publish","4":"hentry"},"jetpack_sharing_enabled":true,"_links":{"self":[{"href":"https:\/\/divemore.com.br\/index.php?rest_route=\/wp\/v2\/pages\/490","targetHints":{"allow":["GET"]}}],"collection":[{"href":"https:\/\/divemore.com.br\/index.php?rest_route=\/wp\/v2\/pages"}],"about":[{"href":"https:\/\/divemore.com.br\/index.php?rest_route=\/wp\/v2\/types\/page"}],"author":[{"embeddable":true,"href":"https:\/\/divemore.com.br\/index.php?rest_route=\/wp\/v2\/users\/1"}],"replies":[{"embeddable":true,"href":"https:\/\/divemore.com.br\/index.php?rest_route=%2Fwp%2Fv2%2Fcomments&post=490"}],"version-history":[{"count":28,"href":"https:\/\/divemore.com.br\/index.php?rest_route=\/wp\/v2\/pages\/490\/revisions"}],"predecessor-version":[{"id":2054,"href":"https:\/\/divemore.com.br\/index.php?rest_route=\/wp\/v2\/pages\/490\/revisions\/2054"}],"up":[{"embeddable":true,"href":"https:\/\/divemore.com.br\/index.php?rest_route=\/wp\/v2\/pages\/39"}],"wp:attachment":[{"href":"https:\/\/divemore.com.br\/index.php?rest_route=%2Fwp%2Fv2%2Fmedia&parent=490"}],"curies":[{"name":"wp","href":"https:\/\/api.w.org\/{rel}","templated":true}]}}