{"id":36,"date":"2020-09-08T17:22:06","date_gmt":"2020-09-08T20:22:06","guid":{"rendered":"http:\/\/divemore.com.br\/?page_id=36"},"modified":"2024-11-27T11:18:37","modified_gmt":"2024-11-27T14:18:37","slug":"try-dive","status":"publish","type":"page","link":"https:\/\/divemore.com.br\/?page_id=36","title":{"rendered":"TRY DIVE"},"content":{"rendered":"\n<p><strong>Experimente o mergulho<\/strong> <\/p>\n\n\n\n<p>Voc\u00ea sempre quis saber como \u00e9 respirar debaixo d&#8217;\u00e1gua? Se voc\u00ea quer experimentar o mergulho, mas n\u00e3o est\u00e1 pronto para mergulhar em um curso de certifica\u00e7\u00e3o, o Try SCUBA \u00e9 a experi\u00eancia ideal para voc\u00ea.<\/p>\n\n\n\n<p>Nenhuma experi\u00eancia pr\u00e9via com o mergulho \u00e9 necess\u00e1ria, mas voc\u00ea precisa saber nadar (minimamente) e ter boa sa\u00fade.<\/p>\n\n\n\n<p>Nenhum equipamento \u00e9 necess\u00e1rio, tudo \u00e9 fornecido.<\/p>\n\n\n\n<p>Neste programa, voc\u00ea  tem  uma introdu\u00e7\u00e3o te\u00f3rica e pr\u00e1tica de piscina antes do mergulho no mar (Try SCUBA completo). Indicado para quem nunca mergulhou, busca uma experi\u00eancia mais completa e ou esta com receio de ir direto para o mar.<\/p>\n\n\n\n<p>Obs.: Este programa pode ser executado apenas na piscina ou na  piscina e mar. <\/p>\n\n\n\n<p><strong>Participando deste programa voc\u00ea ter\u00e1  abatimento para o curso de mergulho (comprando em at\u00e9 uma semana ap\u00f3s a experi\u00eancia)!<\/strong><\/p>\n\n\n\n<p><strong>Experimente! Mergulhar vai mudar sua vida!<\/strong><\/p>\n\n\n\n<figure class=\"wp-block-gallery has-nested-images columns-2 is-cropped wp-block-gallery-1 is-layout-flex wp-block-gallery-is-layout-flex\">\n<figure class=\"wp-block-image size-large\"><img fetchpriority=\"high\" decoding=\"async\" width=\"1024\" height=\"576\" data-id=\"1797\" src=\"https:\/\/divemore.com.br\/wp-content\/uploads\/2022\/03\/PSX_20220211_173159-1024x576.jpg\" alt=\"\" class=\"wp-image-1797\" srcset=\"https:\/\/divemore.com.br\/wp-content\/uploads\/2022\/03\/PSX_20220211_173159-1024x576.jpg 1024w, https:\/\/divemore.com.br\/wp-content\/uploads\/2022\/03\/PSX_20220211_173159-300x169.jpg 300w, https:\/\/divemore.com.br\/wp-content\/uploads\/2022\/03\/PSX_20220211_173159-768x432.jpg 768w, https:\/\/divemore.com.br\/wp-content\/uploads\/2022\/03\/PSX_20220211_173159-1536x864.jpg 1536w, https:\/\/divemore.com.br\/wp-content\/uploads\/2022\/03\/PSX_20220211_173159-800x450.jpg 800w, https:\/\/divemore.com.br\/wp-content\/uploads\/2022\/03\/PSX_20220211_173159-600x338.jpg 600w, https:\/\/divemore.com.br\/wp-content\/uploads\/2022\/03\/PSX_20220211_173159.jpg 1920w\" sizes=\"(max-width: 1024px) 100vw, 1024px\" \/><\/figure>\n\n\n\n<figure class=\"wp-block-image size-large\"><img decoding=\"async\" width=\"1024\" height=\"576\" data-id=\"1795\" src=\"https:\/\/divemore.com.br\/wp-content\/uploads\/2022\/03\/PSX_20220101_154643-1024x576.jpg\" alt=\"\" class=\"wp-image-1795\" srcset=\"https:\/\/divemore.com.br\/wp-content\/uploads\/2022\/03\/PSX_20220101_154643-1024x576.jpg 1024w, https:\/\/divemore.com.br\/wp-content\/uploads\/2022\/03\/PSX_20220101_154643-300x169.jpg 300w, https:\/\/divemore.com.br\/wp-content\/uploads\/2022\/03\/PSX_20220101_154643-768x432.jpg 768w, https:\/\/divemore.com.br\/wp-content\/uploads\/2022\/03\/PSX_20220101_154643-1536x864.jpg 1536w, https:\/\/divemore.com.br\/wp-content\/uploads\/2022\/03\/PSX_20220101_154643-800x450.jpg 800w, https:\/\/divemore.com.br\/wp-content\/uploads\/2022\/03\/PSX_20220101_154643-600x338.jpg 600w, https:\/\/divemore.com.br\/wp-content\/uploads\/2022\/03\/PSX_20220101_154643.jpg 1920w\" sizes=\"(max-width: 1024px) 100vw, 1024px\" \/><\/figure>\n\n\n\n<figure class=\"wp-block-image size-large\"><img decoding=\"async\" width=\"1024\" height=\"576\" data-id=\"1791\" src=\"https:\/\/divemore.com.br\/wp-content\/uploads\/2022\/03\/PSX_20220205_193725-1024x576.jpg\" alt=\"\" class=\"wp-image-1791\" srcset=\"https:\/\/divemore.com.br\/wp-content\/uploads\/2022\/03\/PSX_20220205_193725-1024x576.jpg 1024w, https:\/\/divemore.com.br\/wp-content\/uploads\/2022\/03\/PSX_20220205_193725-300x169.jpg 300w, https:\/\/divemore.com.br\/wp-content\/uploads\/2022\/03\/PSX_20220205_193725-768x432.jpg 768w, https:\/\/divemore.com.br\/wp-content\/uploads\/2022\/03\/PSX_20220205_193725-1536x864.jpg 1536w, https:\/\/divemore.com.br\/wp-content\/uploads\/2022\/03\/PSX_20220205_193725-800x450.jpg 800w, https:\/\/divemore.com.br\/wp-content\/uploads\/2022\/03\/PSX_20220205_193725-600x338.jpg 600w, https:\/\/divemore.com.br\/wp-content\/uploads\/2022\/03\/PSX_20220205_193725.jpg 1920w\" sizes=\"(max-width: 1024px) 100vw, 1024px\" \/><\/figure>\n\n\n\n<figure class=\"wp-block-image size-large\"><img loading=\"lazy\" decoding=\"async\" width=\"1024\" height=\"576\" data-id=\"1792\" src=\"https:\/\/divemore.com.br\/wp-content\/uploads\/2022\/03\/PSX_20220312_134750-1024x576.jpg\" alt=\"\" class=\"wp-image-1792\" srcset=\"https:\/\/divemore.com.br\/wp-content\/uploads\/2022\/03\/PSX_20220312_134750-1024x576.jpg 1024w, https:\/\/divemore.com.br\/wp-content\/uploads\/2022\/03\/PSX_20220312_134750-300x169.jpg 300w, https:\/\/divemore.com.br\/wp-content\/uploads\/2022\/03\/PSX_20220312_134750-768x432.jpg 768w, https:\/\/divemore.com.br\/wp-content\/uploads\/2022\/03\/PSX_20220312_134750-1536x864.jpg 1536w, https:\/\/divemore.com.br\/wp-content\/uploads\/2022\/03\/PSX_20220312_134750-800x450.jpg 800w, https:\/\/divemore.com.br\/wp-content\/uploads\/2022\/03\/PSX_20220312_134750-600x338.jpg 600w, https:\/\/divemore.com.br\/wp-content\/uploads\/2022\/03\/PSX_20220312_134750.jpg 1920w\" sizes=\"(max-width: 1024px) 100vw, 1024px\" \/><\/figure>\n\n\n\n<figure class=\"wp-block-image size-large\"><img loading=\"lazy\" decoding=\"async\" width=\"1024\" height=\"576\" data-id=\"1796\" src=\"https:\/\/divemore.com.br\/wp-content\/uploads\/2022\/03\/PSX_20220225_110948-1024x576.jpg\" alt=\"\" class=\"wp-image-1796\" srcset=\"https:\/\/divemore.com.br\/wp-content\/uploads\/2022\/03\/PSX_20220225_110948-1024x576.jpg 1024w, https:\/\/divemore.com.br\/wp-content\/uploads\/2022\/03\/PSX_20220225_110948-300x169.jpg 300w, https:\/\/divemore.com.br\/wp-content\/uploads\/2022\/03\/PSX_20220225_110948-768x432.jpg 768w, https:\/\/divemore.com.br\/wp-content\/uploads\/2022\/03\/PSX_20220225_110948-1536x864.jpg 1536w, https:\/\/divemore.com.br\/wp-content\/uploads\/2022\/03\/PSX_20220225_110948-800x450.jpg 800w, https:\/\/divemore.com.br\/wp-content\/uploads\/2022\/03\/PSX_20220225_110948-600x338.jpg 600w, https:\/\/divemore.com.br\/wp-content\/uploads\/2022\/03\/PSX_20220225_110948.jpg 1920w\" sizes=\"(max-width: 1024px) 100vw, 1024px\" \/><\/figure>\n\n\n\n<figure class=\"wp-block-image size-large\"><img loading=\"lazy\" decoding=\"async\" width=\"1024\" height=\"576\" data-id=\"1793\" src=\"https:\/\/divemore.com.br\/wp-content\/uploads\/2022\/03\/PSX_20220216_165638-1024x576.jpg\" alt=\"\" class=\"wp-image-1793\" srcset=\"https:\/\/divemore.com.br\/wp-content\/uploads\/2022\/03\/PSX_20220216_165638-1024x576.jpg 1024w, https:\/\/divemore.com.br\/wp-content\/uploads\/2022\/03\/PSX_20220216_165638-300x169.jpg 300w, https:\/\/divemore.com.br\/wp-content\/uploads\/2022\/03\/PSX_20220216_165638-768x432.jpg 768w, https:\/\/divemore.com.br\/wp-content\/uploads\/2022\/03\/PSX_20220216_165638-1536x864.jpg 1536w, https:\/\/divemore.com.br\/wp-content\/uploads\/2022\/03\/PSX_20220216_165638-800x450.jpg 800w, https:\/\/divemore.com.br\/wp-content\/uploads\/2022\/03\/PSX_20220216_165638-600x338.jpg 600w, https:\/\/divemore.com.br\/wp-content\/uploads\/2022\/03\/PSX_20220216_165638.jpg 1920w\" sizes=\"(max-width: 1024px) 100vw, 1024px\" \/><\/figure>\n\n\n\n<figure class=\"wp-block-image size-large\"><img loading=\"lazy\" decoding=\"async\" width=\"1024\" height=\"576\" data-id=\"1799\" src=\"https:\/\/divemore.com.br\/wp-content\/uploads\/2022\/03\/PSX_20220211_173311-1024x576.jpg\" alt=\"\" class=\"wp-image-1799\" srcset=\"https:\/\/divemore.com.br\/wp-content\/uploads\/2022\/03\/PSX_20220211_173311-1024x576.jpg 1024w, https:\/\/divemore.com.br\/wp-content\/uploads\/2022\/03\/PSX_20220211_173311-300x169.jpg 300w, https:\/\/divemore.com.br\/wp-content\/uploads\/2022\/03\/PSX_20220211_173311-768x432.jpg 768w, https:\/\/divemore.com.br\/wp-content\/uploads\/2022\/03\/PSX_20220211_173311-1536x864.jpg 1536w, https:\/\/divemore.com.br\/wp-content\/uploads\/2022\/03\/PSX_20220211_173311-800x450.jpg 800w, https:\/\/divemore.com.br\/wp-content\/uploads\/2022\/03\/PSX_20220211_173311-600x338.jpg 600w, https:\/\/divemore.com.br\/wp-content\/uploads\/2022\/03\/PSX_20220211_173311.jpg 1920w\" sizes=\"(max-width: 1024px) 100vw, 1024px\" \/><\/figure>\n\n\n\n<figure class=\"wp-block-image size-large\"><img loading=\"lazy\" decoding=\"async\" width=\"1024\" height=\"576\" data-id=\"1800\" src=\"https:\/\/divemore.com.br\/wp-content\/uploads\/2022\/03\/PSX_20220114_172146-1024x576.jpg\" alt=\"\" class=\"wp-image-1800\" srcset=\"https:\/\/divemore.com.br\/wp-content\/uploads\/2022\/03\/PSX_20220114_172146-1024x576.jpg 1024w, https:\/\/divemore.com.br\/wp-content\/uploads\/2022\/03\/PSX_20220114_172146-300x169.jpg 300w, https:\/\/divemore.com.br\/wp-content\/uploads\/2022\/03\/PSX_20220114_172146-768x432.jpg 768w, https:\/\/divemore.com.br\/wp-content\/uploads\/2022\/03\/PSX_20220114_172146-1536x864.jpg 1536w, https:\/\/divemore.com.br\/wp-content\/uploads\/2022\/03\/PSX_20220114_172146-800x450.jpg 800w, https:\/\/divemore.com.br\/wp-content\/uploads\/2022\/03\/PSX_20220114_172146-600x338.jpg 600w, https:\/\/divemore.com.br\/wp-content\/uploads\/2022\/03\/PSX_20220114_172146.jpg 1920w\" sizes=\"(max-width: 1024px) 100vw, 1024px\" \/><\/figure>\n<\/figure>\n\n\n\n<p><strong>SSI<\/strong><\/p>\n\n\n\n<p><\/p>\n\n\n\n<figure class=\"wp-block-embed is-type-video is-provider-youtube wp-block-embed-youtube wp-embed-aspect-16-9 wp-has-aspect-ratio\"><div class=\"wp-block-embed__wrapper\">\n<iframe title=\"We are SSI | Scuba Schools International\" width=\"640\" height=\"360\" src=\"https:\/\/www.youtube.com\/embed\/oeq954uo4NA?feature=oembed\" frameborder=\"0\" allow=\"accelerometer; autoplay; clipboard-write; encrypted-media; gyroscope; picture-in-picture; web-share\" referrerpolicy=\"strict-origin-when-cross-origin\" allowfullscreen><\/iframe>\n<\/div><\/figure>\n\n\n\n<p><strong>alessandro@divemore.com.br<\/strong><\/p>\n\n\n\n<p><strong>(48) 99102 8084<\/strong><\/p>\n\n\n\n<ul class=\"wp-block-social-links is-layout-flex wp-block-social-links-is-layout-flex\">\n\n\n\n\n\n<li class=\"wp-social-link wp-social-link-instagram  wp-block-social-link\"><a href=\"https:\/\/www.instagram.com\/dive.more\/\" class=\"wp-block-social-link-anchor\"><svg width=\"24\" height=\"24\" viewBox=\"0 0 24 24\" version=\"1.1\" xmlns=\"http:\/\/www.w3.org\/2000\/svg\" aria-hidden=\"true\" focusable=\"false\"><path d=\"M12,4.622c2.403,0,2.688,0.009,3.637,0.052c0.877,0.04,1.354,0.187,1.671,0.31c0.42,0.163,0.72,0.358,1.035,0.673 c0.315,0.315,0.51,0.615,0.673,1.035c0.123,0.317,0.27,0.794,0.31,1.671c0.043,0.949,0.052,1.234,0.052,3.637 s-0.009,2.688-0.052,3.637c-0.04,0.877-0.187,1.354-0.31,1.671c-0.163,0.42-0.358,0.72-0.673,1.035 c-0.315,0.315-0.615,0.51-1.035,0.673c-0.317,0.123-0.794,0.27-1.671,0.31c-0.949,0.043-1.233,0.052-3.637,0.052 s-2.688-0.009-3.637-0.052c-0.877-0.04-1.354-0.187-1.671-0.31c-0.42-0.163-0.72-0.358-1.035-0.673 c-0.315-0.315-0.51-0.615-0.673-1.035c-0.123-0.317-0.27-0.794-0.31-1.671C4.631,14.688,4.622,14.403,4.622,12 s0.009-2.688,0.052-3.637c0.04-0.877,0.187-1.354,0.31-1.671c0.163-0.42,0.358-0.72,0.673-1.035 c0.315-0.315,0.615-0.51,1.035-0.673c0.317-0.123,0.794-0.27,1.671-0.31C9.312,4.631,9.597,4.622,12,4.622 M12,3 C9.556,3,9.249,3.01,8.289,3.054C7.331,3.098,6.677,3.25,6.105,3.472C5.513,3.702,5.011,4.01,4.511,4.511 c-0.5,0.5-0.808,1.002-1.038,1.594C3.25,6.677,3.098,7.331,3.054,8.289C3.01,9.249,3,9.556,3,12c0,2.444,0.01,2.751,0.054,3.711 c0.044,0.958,0.196,1.612,0.418,2.185c0.23,0.592,0.538,1.094,1.038,1.594c0.5,0.5,1.002,0.808,1.594,1.038 c0.572,0.222,1.227,0.375,2.185,0.418C9.249,20.99,9.556,21,12,21s2.751-0.01,3.711-0.054c0.958-0.044,1.612-0.196,2.185-0.418 c0.592-0.23,1.094-0.538,1.594-1.038c0.5-0.5,0.808-1.002,1.038-1.594c0.222-0.572,0.375-1.227,0.418-2.185 C20.99,14.751,21,14.444,21,12s-0.01-2.751-0.054-3.711c-0.044-0.958-0.196-1.612-0.418-2.185c-0.23-0.592-0.538-1.094-1.038-1.594 c-0.5-0.5-1.002-0.808-1.594-1.038c-0.572-0.222-1.227-0.375-2.185-0.418C14.751,3.01,14.444,3,12,3L12,3z M12,7.378 c-2.552,0-4.622,2.069-4.622,4.622S9.448,16.622,12,16.622s4.622-2.069,4.622-4.622S14.552,7.378,12,7.378z M12,15 c-1.657,0-3-1.343-3-3s1.343-3,3-3s3,1.343,3,3S13.657,15,12,15z M16.804,6.116c-0.596,0-1.08,0.484-1.08,1.08 s0.484,1.08,1.08,1.08c0.596,0,1.08-0.484,1.08-1.08S17.401,6.116,16.804,6.116z\"><\/path><\/svg><span class=\"wp-block-social-link-label screen-reader-text\">Instagram<\/span><\/a><\/li>\n\n\n\n\n\n\n\n<li class=\"wp-social-link wp-social-link-facebook  wp-block-social-link\"><a href=\"https:\/\/www.facebook.com\/divemoremergulho\/\" class=\"wp-block-social-link-anchor\"><svg width=\"24\" height=\"24\" viewBox=\"0 0 24 24\" version=\"1.1\" xmlns=\"http:\/\/www.w3.org\/2000\/svg\" aria-hidden=\"true\" focusable=\"false\"><path d=\"M12 2C6.5 2 2 6.5 2 12c0 5 3.7 9.1 8.4 9.9v-7H7.9V12h2.5V9.8c0-2.5 1.5-3.9 3.8-3.9 1.1 0 2.2.2 2.2.2v2.5h-1.3c-1.2 0-1.6.8-1.6 1.6V12h2.8l-.4 2.9h-2.3v7C18.3 21.1 22 17 22 12c0-5.5-4.5-10-10-10z\"><\/path><\/svg><span class=\"wp-block-social-link-label screen-reader-text\">Facebook<\/span><\/a><\/li>\n\n<li class=\"wp-social-link wp-social-link-youtube  wp-block-social-link\"><a href=\"https:\/\/www.youtube.com\/channel\/UCJvXSpe2P0TiipQ6egv9NQw\/featured?view_as=subscriber\" class=\"wp-block-social-link-anchor\"><svg width=\"24\" height=\"24\" viewBox=\"0 0 24 24\" version=\"1.1\" xmlns=\"http:\/\/www.w3.org\/2000\/svg\" aria-hidden=\"true\" focusable=\"false\"><path d=\"M21.8,8.001c0,0-0.195-1.378-0.795-1.985c-0.76-0.797-1.613-0.801-2.004-0.847c-2.799-0.202-6.997-0.202-6.997-0.202 h-0.009c0,0-4.198,0-6.997,0.202C4.608,5.216,3.756,5.22,2.995,6.016C2.395,6.623,2.2,8.001,2.2,8.001S2,9.62,2,11.238v1.517 c0,1.618,0.2,3.237,0.2,3.237s0.195,1.378,0.795,1.985c0.761,0.797,1.76,0.771,2.205,0.855c1.6,0.153,6.8,0.201,6.8,0.201 s4.203-0.006,7.001-0.209c0.391-0.047,1.243-0.051,2.004-0.847c0.6-0.607,0.795-1.985,0.795-1.985s0.2-1.618,0.2-3.237v-1.517 C22,9.62,21.8,8.001,21.8,8.001z M9.935,14.594l-0.001-5.62l5.404,2.82L9.935,14.594z\"><\/path><\/svg><span class=\"wp-block-social-link-label screen-reader-text\">YouTube<\/span><\/a><\/li><\/ul>\n","protected":false},"excerpt":{"rendered":"<p>Experimente o mergulho Voc\u00ea sempre quis saber como \u00e9 respirar debaixo d&#8217;\u00e1gua? Se voc\u00ea quer experimentar o mergulho, mas n\u00e3o est\u00e1 pronto para mergulhar em um curso de certifica\u00e7\u00e3o, o<\/p>\n","protected":false},"author":1,"featured_media":0,"parent":0,"menu_order":0,"comment_status":"closed","ping_status":"closed","template":"","meta":{"footnotes":""},"class_list":{"1":"page","2":"type-page","3":"status-publish","4":"hentry"},"jetpack_sharing_enabled":true,"_links":{"self":[{"href":"https:\/\/divemore.com.br\/index.php?rest_route=\/wp\/v2\/pages\/36","targetHints":{"allow":["GET"]}}],"collection":[{"href":"https:\/\/divemore.com.br\/index.php?rest_route=\/wp\/v2\/pages"}],"about":[{"href":"https:\/\/divemore.com.br\/index.php?rest_route=\/wp\/v2\/types\/page"}],"author":[{"embeddable":true,"href":"https:\/\/divemore.com.br\/index.php?rest_route=\/wp\/v2\/users\/1"}],"replies":[{"embeddable":true,"href":"https:\/\/divemore.com.br\/index.php?rest_route=%2Fwp%2Fv2%2Fcomments&post=36"}],"version-history":[{"count":28,"href":"https:\/\/divemore.com.br\/index.php?rest_route=\/wp\/v2\/pages\/36\/revisions"}],"predecessor-version":[{"id":2176,"href":"https:\/\/divemore.com.br\/index.php?rest_route=\/wp\/v2\/pages\/36\/revisions\/2176"}],"wp:attachment":[{"href":"https:\/\/divemore.com.br\/index.php?rest_route=%2Fwp%2Fv2%2Fmedia&parent=36"}],"curies":[{"name":"wp","href":"https:\/\/api.w.org\/{rel}","templated":true}]}}