{"id":342,"date":"2020-09-15T16:14:31","date_gmt":"2020-09-15T19:14:31","guid":{"rendered":"http:\/\/divemore.com.br\/?page_id=342"},"modified":"2022-08-12T19:42:19","modified_gmt":"2022-08-12T22:42:19","slug":"aventuras","status":"publish","type":"page","link":"https:\/\/divemore.com.br\/?page_id=342","title":{"rendered":"VIAGENS"},"content":{"rendered":"\n<p>Viagens  regulares e personalizadas para os melhores pontos do Brasil e do mundo.<\/p>\n\n\n\n<p>Trabalhamos em parceria com as melhores Ag\u00eancias e Operadoras de Mergulho, criteriosamente selecionadas, para entregar sempre a melhor experi\u00eancia poss\u00edvel. <\/p>\n\n\n\n<p>Assim voc\u00ea tem acesso a servi\u00e7os especiais, com alto valor agregado e, ainda,  conta com nossa consultoria isenta e acompanhamento, garantindo  praticidade e satisfa\u00e7\u00e3o. <\/p>\n\n\n\n<p>Escolha uma Aventura em seu local ou proximidades (deslocamento por conta do cliente), ou uma Viagem para qualquer destino que vamos te encaixar em um grupo  ou te atender individualmente, conforme suas necessidades e prefer\u00eancias.<\/p>\n\n\n\n<p><strong>E o melhor: voc\u00ea n\u00e3o paga mais caro por isso! Tanto \u00e9 assim, que fazemos quest\u00e3o de disponibilizar antecipadamente os contatos das Ag\u00eancias e Operadores parceiros. Ao contr\u00e1rio, tenha descontos em cursos e equipamentos quando fechar seus mergulhos conosco!<\/strong><\/p>\n\n\n\n<p><strong>Mergulhe tranquilo: tenha sempre aten\u00e7\u00e3o especial e o crivo da DIVEMORE em suas Aventuras e Viagens!<\/strong><\/p>\n\n\n\n<p>Tamb\u00e9m trabalhamos com grupos de clientes  e amigos da Divemore!  Veja abaixo o pr\u00f3ximo destino em grupo e garanta j\u00e1 sua vaga!<\/p>\n\n\n\n<p><strong>CABO FRIO 1 a 6 de Novembro de 2022<\/strong><\/p>\n\n\n\n<div class=\"wp-block-jetpack-slideshow aligncenter\" data-effect=\"slide\"><div class=\"wp-block-jetpack-slideshow_container swiper-container\"><ul class=\"wp-block-jetpack-slideshow_swiper-wrapper swiper-wrapper\"><li class=\"wp-block-jetpack-slideshow_slide swiper-slide\"><figure><img fetchpriority=\"high\" decoding=\"async\" width=\"1024\" height=\"581\" alt=\"\" class=\"wp-block-jetpack-slideshow_image wp-image-1824\" data-id=\"1824\" src=\"http:\/\/divemore.com.br\/wp-content\/uploads\/2022\/08\/Screenshot-1024x581.png\" srcset=\"https:\/\/divemore.com.br\/wp-content\/uploads\/2022\/08\/Screenshot-1024x581.png 1024w, https:\/\/divemore.com.br\/wp-content\/uploads\/2022\/08\/Screenshot-300x170.png 300w, https:\/\/divemore.com.br\/wp-content\/uploads\/2022\/08\/Screenshot-768x436.png 768w, https:\/\/divemore.com.br\/wp-content\/uploads\/2022\/08\/Screenshot-600x340.png 600w, https:\/\/divemore.com.br\/wp-content\/uploads\/2022\/08\/Screenshot-106x60.png 106w, https:\/\/divemore.com.br\/wp-content\/uploads\/2022\/08\/Screenshot-159x90.png 159w, https:\/\/divemore.com.br\/wp-content\/uploads\/2022\/08\/Screenshot.png 1416w\" sizes=\"(max-width: 1024px) 100vw, 1024px\" \/><\/figure><\/li><li class=\"wp-block-jetpack-slideshow_slide swiper-slide\"><figure><img decoding=\"async\" width=\"1024\" height=\"572\" alt=\"\" class=\"wp-block-jetpack-slideshow_image wp-image-1825\" data-id=\"1825\" src=\"http:\/\/divemore.com.br\/wp-content\/uploads\/2022\/08\/Screenshot_1-1024x572.png\" srcset=\"https:\/\/divemore.com.br\/wp-content\/uploads\/2022\/08\/Screenshot_1-1024x572.png 1024w, https:\/\/divemore.com.br\/wp-content\/uploads\/2022\/08\/Screenshot_1-300x168.png 300w, https:\/\/divemore.com.br\/wp-content\/uploads\/2022\/08\/Screenshot_1-768x429.png 768w, https:\/\/divemore.com.br\/wp-content\/uploads\/2022\/08\/Screenshot_1-600x335.png 600w, https:\/\/divemore.com.br\/wp-content\/uploads\/2022\/08\/Screenshot_1-107x60.png 107w, https:\/\/divemore.com.br\/wp-content\/uploads\/2022\/08\/Screenshot_1-161x90.png 161w, https:\/\/divemore.com.br\/wp-content\/uploads\/2022\/08\/Screenshot_1.png 1397w\" sizes=\"(max-width: 1024px) 100vw, 1024px\" \/><\/figure><\/li><li class=\"wp-block-jetpack-slideshow_slide swiper-slide\"><figure><img decoding=\"async\" width=\"1024\" height=\"588\" alt=\"\" class=\"wp-block-jetpack-slideshow_image wp-image-1826\" data-id=\"1826\" src=\"http:\/\/divemore.com.br\/wp-content\/uploads\/2022\/08\/Screenshot_2-1024x588.png\" srcset=\"https:\/\/divemore.com.br\/wp-content\/uploads\/2022\/08\/Screenshot_2-1024x588.png 1024w, https:\/\/divemore.com.br\/wp-content\/uploads\/2022\/08\/Screenshot_2-300x172.png 300w, https:\/\/divemore.com.br\/wp-content\/uploads\/2022\/08\/Screenshot_2-768x441.png 768w, https:\/\/divemore.com.br\/wp-content\/uploads\/2022\/08\/Screenshot_2-600x344.png 600w, https:\/\/divemore.com.br\/wp-content\/uploads\/2022\/08\/Screenshot_2-105x60.png 105w, https:\/\/divemore.com.br\/wp-content\/uploads\/2022\/08\/Screenshot_2-157x90.png 157w, https:\/\/divemore.com.br\/wp-content\/uploads\/2022\/08\/Screenshot_2.png 1387w\" sizes=\"(max-width: 1024px) 100vw, 1024px\" \/><\/figure><\/li><li class=\"wp-block-jetpack-slideshow_slide swiper-slide\"><figure><img loading=\"lazy\" decoding=\"async\" width=\"1024\" height=\"590\" alt=\"\" class=\"wp-block-jetpack-slideshow_image wp-image-1827\" data-id=\"1827\" src=\"http:\/\/divemore.com.br\/wp-content\/uploads\/2022\/08\/Screenshot_3-1024x590.png\" srcset=\"https:\/\/divemore.com.br\/wp-content\/uploads\/2022\/08\/Screenshot_3-1024x590.png 1024w, https:\/\/divemore.com.br\/wp-content\/uploads\/2022\/08\/Screenshot_3-300x173.png 300w, https:\/\/divemore.com.br\/wp-content\/uploads\/2022\/08\/Screenshot_3-768x442.png 768w, https:\/\/divemore.com.br\/wp-content\/uploads\/2022\/08\/Screenshot_3-600x346.png 600w, https:\/\/divemore.com.br\/wp-content\/uploads\/2022\/08\/Screenshot_3-104x60.png 104w, https:\/\/divemore.com.br\/wp-content\/uploads\/2022\/08\/Screenshot_3-156x90.png 156w, https:\/\/divemore.com.br\/wp-content\/uploads\/2022\/08\/Screenshot_3.png 1389w\" sizes=\"(max-width: 1024px) 100vw, 1024px\" \/><\/figure><\/li><li class=\"wp-block-jetpack-slideshow_slide swiper-slide\"><figure><img loading=\"lazy\" decoding=\"async\" width=\"1024\" height=\"588\" alt=\"\" class=\"wp-block-jetpack-slideshow_image wp-image-1828\" data-id=\"1828\" src=\"http:\/\/divemore.com.br\/wp-content\/uploads\/2022\/08\/Screenshot_4-1024x588.png\" srcset=\"https:\/\/divemore.com.br\/wp-content\/uploads\/2022\/08\/Screenshot_4-1024x588.png 1024w, https:\/\/divemore.com.br\/wp-content\/uploads\/2022\/08\/Screenshot_4-300x172.png 300w, https:\/\/divemore.com.br\/wp-content\/uploads\/2022\/08\/Screenshot_4-768x441.png 768w, https:\/\/divemore.com.br\/wp-content\/uploads\/2022\/08\/Screenshot_4-600x345.png 600w, https:\/\/divemore.com.br\/wp-content\/uploads\/2022\/08\/Screenshot_4-104x60.png 104w, https:\/\/divemore.com.br\/wp-content\/uploads\/2022\/08\/Screenshot_4-157x90.png 157w, https:\/\/divemore.com.br\/wp-content\/uploads\/2022\/08\/Screenshot_4.png 1386w\" sizes=\"(max-width: 1024px) 100vw, 1024px\" \/><\/figure><\/li><li class=\"wp-block-jetpack-slideshow_slide swiper-slide\"><figure><img loading=\"lazy\" decoding=\"async\" width=\"1024\" height=\"589\" alt=\"\" class=\"wp-block-jetpack-slideshow_image wp-image-1829\" data-id=\"1829\" src=\"http:\/\/divemore.com.br\/wp-content\/uploads\/2022\/08\/Screenshot_5-1024x589.png\" srcset=\"https:\/\/divemore.com.br\/wp-content\/uploads\/2022\/08\/Screenshot_5-1024x589.png 1024w, https:\/\/divemore.com.br\/wp-content\/uploads\/2022\/08\/Screenshot_5-300x173.png 300w, https:\/\/divemore.com.br\/wp-content\/uploads\/2022\/08\/Screenshot_5-768x442.png 768w, https:\/\/divemore.com.br\/wp-content\/uploads\/2022\/08\/Screenshot_5-600x345.png 600w, https:\/\/divemore.com.br\/wp-content\/uploads\/2022\/08\/Screenshot_5-104x60.png 104w, https:\/\/divemore.com.br\/wp-content\/uploads\/2022\/08\/Screenshot_5-156x90.png 156w, https:\/\/divemore.com.br\/wp-content\/uploads\/2022\/08\/Screenshot_5.png 1385w\" sizes=\"(max-width: 1024px) 100vw, 1024px\" \/><\/figure><\/li><li class=\"wp-block-jetpack-slideshow_slide swiper-slide\"><figure><img loading=\"lazy\" decoding=\"async\" width=\"1024\" height=\"576\" alt=\"\" class=\"wp-block-jetpack-slideshow_image wp-image-1830\" data-id=\"1830\" src=\"http:\/\/divemore.com.br\/wp-content\/uploads\/2022\/08\/Screenshot_6-1024x576.png\" srcset=\"https:\/\/divemore.com.br\/wp-content\/uploads\/2022\/08\/Screenshot_6-1024x576.png 1024w, https:\/\/divemore.com.br\/wp-content\/uploads\/2022\/08\/Screenshot_6-300x169.png 300w, https:\/\/divemore.com.br\/wp-content\/uploads\/2022\/08\/Screenshot_6-768x432.png 768w, https:\/\/divemore.com.br\/wp-content\/uploads\/2022\/08\/Screenshot_6-800x450.png 800w, https:\/\/divemore.com.br\/wp-content\/uploads\/2022\/08\/Screenshot_6-600x338.png 600w, https:\/\/divemore.com.br\/wp-content\/uploads\/2022\/08\/Screenshot_6-107x60.png 107w, https:\/\/divemore.com.br\/wp-content\/uploads\/2022\/08\/Screenshot_6-160x90.png 160w, https:\/\/divemore.com.br\/wp-content\/uploads\/2022\/08\/Screenshot_6.png 1398w\" sizes=\"(max-width: 1024px) 100vw, 1024px\" \/><\/figure><\/li><li class=\"wp-block-jetpack-slideshow_slide swiper-slide\"><figure><img loading=\"lazy\" decoding=\"async\" width=\"1024\" height=\"575\" alt=\"\" class=\"wp-block-jetpack-slideshow_image wp-image-1842\" data-id=\"1842\" src=\"http:\/\/divemore.com.br\/wp-content\/uploads\/2022\/08\/Screenshot_9-1024x575.png\" srcset=\"https:\/\/divemore.com.br\/wp-content\/uploads\/2022\/08\/Screenshot_9-1024x575.png 1024w, https:\/\/divemore.com.br\/wp-content\/uploads\/2022\/08\/Screenshot_9-300x168.png 300w, https:\/\/divemore.com.br\/wp-content\/uploads\/2022\/08\/Screenshot_9-768x431.png 768w, https:\/\/divemore.com.br\/wp-content\/uploads\/2022\/08\/Screenshot_9-800x450.png 800w, https:\/\/divemore.com.br\/wp-content\/uploads\/2022\/08\/Screenshot_9-600x337.png 600w, https:\/\/divemore.com.br\/wp-content\/uploads\/2022\/08\/Screenshot_9.png 1279w\" sizes=\"(max-width: 1024px) 100vw, 1024px\" \/><\/figure><\/li><\/ul><a class=\"wp-block-jetpack-slideshow_button-prev swiper-button-prev swiper-button-white\" role=\"button\"><\/a><a class=\"wp-block-jetpack-slideshow_button-next swiper-button-next swiper-button-white\" role=\"button\"><\/a><a aria-label=\"Pause Slideshow\" class=\"wp-block-jetpack-slideshow_button-pause\" role=\"button\"><\/a><div class=\"wp-block-jetpack-slideshow_pagination swiper-pagination swiper-pagination-white\"><\/div><\/div><\/div>\n\n\n\n<p><strong>alessandro@divemore.com.br<\/strong><\/p>\n\n\n\n<p><strong>(48) 99102 8084<\/strong><\/p>\n\n\n\n<ul class=\"wp-block-social-links is-layout-flex wp-block-social-links-is-layout-flex\">\n\n\n\n\n\n<li class=\"wp-social-link wp-social-link-instagram  wp-block-social-link\"><a href=\"https:\/\/www.instagram.com\/dive.more\/\" class=\"wp-block-social-link-anchor\"><svg width=\"24\" height=\"24\" viewBox=\"0 0 24 24\" version=\"1.1\" xmlns=\"http:\/\/www.w3.org\/2000\/svg\" aria-hidden=\"true\" focusable=\"false\"><path d=\"M12,4.622c2.403,0,2.688,0.009,3.637,0.052c0.877,0.04,1.354,0.187,1.671,0.31c0.42,0.163,0.72,0.358,1.035,0.673 c0.315,0.315,0.51,0.615,0.673,1.035c0.123,0.317,0.27,0.794,0.31,1.671c0.043,0.949,0.052,1.234,0.052,3.637 s-0.009,2.688-0.052,3.637c-0.04,0.877-0.187,1.354-0.31,1.671c-0.163,0.42-0.358,0.72-0.673,1.035 c-0.315,0.315-0.615,0.51-1.035,0.673c-0.317,0.123-0.794,0.27-1.671,0.31c-0.949,0.043-1.233,0.052-3.637,0.052 s-2.688-0.009-3.637-0.052c-0.877-0.04-1.354-0.187-1.671-0.31c-0.42-0.163-0.72-0.358-1.035-0.673 c-0.315-0.315-0.51-0.615-0.673-1.035c-0.123-0.317-0.27-0.794-0.31-1.671C4.631,14.688,4.622,14.403,4.622,12 s0.009-2.688,0.052-3.637c0.04-0.877,0.187-1.354,0.31-1.671c0.163-0.42,0.358-0.72,0.673-1.035 c0.315-0.315,0.615-0.51,1.035-0.673c0.317-0.123,0.794-0.27,1.671-0.31C9.312,4.631,9.597,4.622,12,4.622 M12,3 C9.556,3,9.249,3.01,8.289,3.054C7.331,3.098,6.677,3.25,6.105,3.472C5.513,3.702,5.011,4.01,4.511,4.511 c-0.5,0.5-0.808,1.002-1.038,1.594C3.25,6.677,3.098,7.331,3.054,8.289C3.01,9.249,3,9.556,3,12c0,2.444,0.01,2.751,0.054,3.711 c0.044,0.958,0.196,1.612,0.418,2.185c0.23,0.592,0.538,1.094,1.038,1.594c0.5,0.5,1.002,0.808,1.594,1.038 c0.572,0.222,1.227,0.375,2.185,0.418C9.249,20.99,9.556,21,12,21s2.751-0.01,3.711-0.054c0.958-0.044,1.612-0.196,2.185-0.418 c0.592-0.23,1.094-0.538,1.594-1.038c0.5-0.5,0.808-1.002,1.038-1.594c0.222-0.572,0.375-1.227,0.418-2.185 C20.99,14.751,21,14.444,21,12s-0.01-2.751-0.054-3.711c-0.044-0.958-0.196-1.612-0.418-2.185c-0.23-0.592-0.538-1.094-1.038-1.594 c-0.5-0.5-1.002-0.808-1.594-1.038c-0.572-0.222-1.227-0.375-2.185-0.418C14.751,3.01,14.444,3,12,3L12,3z M12,7.378 c-2.552,0-4.622,2.069-4.622,4.622S9.448,16.622,12,16.622s4.622-2.069,4.622-4.622S14.552,7.378,12,7.378z M12,15 c-1.657,0-3-1.343-3-3s1.343-3,3-3s3,1.343,3,3S13.657,15,12,15z M16.804,6.116c-0.596,0-1.08,0.484-1.08,1.08 s0.484,1.08,1.08,1.08c0.596,0,1.08-0.484,1.08-1.08S17.401,6.116,16.804,6.116z\"><\/path><\/svg><span class=\"wp-block-social-link-label screen-reader-text\">Instagram<\/span><\/a><\/li>\n\n\n\n\n\n\n\n<li class=\"wp-social-link wp-social-link-facebook  wp-block-social-link\"><a href=\"https:\/\/www.facebook.com\/divemoremergulho\/\" class=\"wp-block-social-link-anchor\"><svg width=\"24\" height=\"24\" viewBox=\"0 0 24 24\" version=\"1.1\" xmlns=\"http:\/\/www.w3.org\/2000\/svg\" aria-hidden=\"true\" focusable=\"false\"><path d=\"M12 2C6.5 2 2 6.5 2 12c0 5 3.7 9.1 8.4 9.9v-7H7.9V12h2.5V9.8c0-2.5 1.5-3.9 3.8-3.9 1.1 0 2.2.2 2.2.2v2.5h-1.3c-1.2 0-1.6.8-1.6 1.6V12h2.8l-.4 2.9h-2.3v7C18.3 21.1 22 17 22 12c0-5.5-4.5-10-10-10z\"><\/path><\/svg><span class=\"wp-block-social-link-label screen-reader-text\">Facebook<\/span><\/a><\/li>\n\n<li class=\"wp-social-link wp-social-link-youtube  wp-block-social-link\"><a href=\"https:\/\/www.youtube.com\/channel\/UCJvXSpe2P0TiipQ6egv9NQw\/featured?view_as=subscriber\" class=\"wp-block-social-link-anchor\"><svg width=\"24\" height=\"24\" viewBox=\"0 0 24 24\" version=\"1.1\" xmlns=\"http:\/\/www.w3.org\/2000\/svg\" aria-hidden=\"true\" focusable=\"false\"><path d=\"M21.8,8.001c0,0-0.195-1.378-0.795-1.985c-0.76-0.797-1.613-0.801-2.004-0.847c-2.799-0.202-6.997-0.202-6.997-0.202 h-0.009c0,0-4.198,0-6.997,0.202C4.608,5.216,3.756,5.22,2.995,6.016C2.395,6.623,2.2,8.001,2.2,8.001S2,9.62,2,11.238v1.517 c0,1.618,0.2,3.237,0.2,3.237s0.195,1.378,0.795,1.985c0.761,0.797,1.76,0.771,2.205,0.855c1.6,0.153,6.8,0.201,6.8,0.201 s4.203-0.006,7.001-0.209c0.391-0.047,1.243-0.051,2.004-0.847c0.6-0.607,0.795-1.985,0.795-1.985s0.2-1.618,0.2-3.237v-1.517 C22,9.62,21.8,8.001,21.8,8.001z M9.935,14.594l-0.001-5.62l5.404,2.82L9.935,14.594z\"><\/path><\/svg><span class=\"wp-block-social-link-label screen-reader-text\">YouTube<\/span><\/a><\/li><\/ul>\n","protected":false},"excerpt":{"rendered":"<p>Viagens regulares e personalizadas para os melhores pontos do Brasil e do mundo. Trabalhamos em parceria com as melhores Ag\u00eancias e Operadoras de Mergulho, criteriosamente selecionadas, para entregar sempre a<\/p>\n","protected":false},"author":1,"featured_media":0,"parent":0,"menu_order":0,"comment_status":"closed","ping_status":"closed","template":"","meta":{"footnotes":""},"class_list":{"1":"page","2":"type-page","3":"status-publish","4":"hentry"},"jetpack_sharing_enabled":true,"_links":{"self":[{"href":"https:\/\/divemore.com.br\/index.php?rest_route=\/wp\/v2\/pages\/342","targetHints":{"allow":["GET"]}}],"collection":[{"href":"https:\/\/divemore.com.br\/index.php?rest_route=\/wp\/v2\/pages"}],"about":[{"href":"https:\/\/divemore.com.br\/index.php?rest_route=\/wp\/v2\/types\/page"}],"author":[{"embeddable":true,"href":"https:\/\/divemore.com.br\/index.php?rest_route=\/wp\/v2\/users\/1"}],"replies":[{"embeddable":true,"href":"https:\/\/divemore.com.br\/index.php?rest_route=%2Fwp%2Fv2%2Fcomments&post=342"}],"version-history":[{"count":30,"href":"https:\/\/divemore.com.br\/index.php?rest_route=\/wp\/v2\/pages\/342\/revisions"}],"predecessor-version":[{"id":1843,"href":"https:\/\/divemore.com.br\/index.php?rest_route=\/wp\/v2\/pages\/342\/revisions\/1843"}],"wp:attachment":[{"href":"https:\/\/divemore.com.br\/index.php?rest_route=%2Fwp%2Fv2%2Fmedia&parent=342"}],"curies":[{"name":"wp","href":"https:\/\/api.w.org\/{rel}","templated":true}]}}