{"id":309,"date":"2020-09-15T15:14:06","date_gmt":"2020-09-15T18:14:06","guid":{"rendered":"http:\/\/divemore.com.br\/?page_id=309"},"modified":"2024-11-26T12:01:31","modified_gmt":"2024-11-26T15:01:31","slug":"divemore","status":"publish","type":"page","link":"https:\/\/divemore.com.br\/?page_id=309","title":{"rendered":"DIVEMORE"},"content":{"rendered":"\n<p><strong>COMPROMETIMENTO<\/strong><\/p>\n\n\n\n<p>Escola de Mergulho preparada para oferecer servi\u00e7os qualificados, superando os mais altos padr\u00f5es de exig\u00eancia e seguran\u00e7a do ramo, com atendimento personalizado e muita divers\u00e3o.<\/p>\n\n\n\n<p>Oferecemos cursos &nbsp;do b\u00e1sico ao profissional, diversas especialidades, consultoria, venda e manuten\u00e7\u00e3o de equipamentos , diversas aventuras subaqu\u00e1ticas e servi\u00e7os n\u00e1uticos.<\/p>\n\n\n\n<p>Seja credenciado por uma Ag\u00eancia Internacional  reconhecida e aceita no mundo inteiro.<\/p>\n\n\n\n<figure class=\"wp-block-image size-large\"><a href=\"https:\/\/www.divessi.com\/pt-IC\/home\/\"><img fetchpriority=\"high\" decoding=\"async\" width=\"676\" height=\"216\" src=\"http:\/\/divemore.com.br\/wp-content\/uploads\/2020\/09\/DIGITAL-LEARNING.png\" alt=\"\" class=\"wp-image-437\" srcset=\"https:\/\/divemore.com.br\/wp-content\/uploads\/2020\/09\/DIGITAL-LEARNING.png 676w, https:\/\/divemore.com.br\/wp-content\/uploads\/2020\/09\/DIGITAL-LEARNING-600x192.png 600w, https:\/\/divemore.com.br\/wp-content\/uploads\/2020\/09\/DIGITAL-LEARNING-300x96.png 300w\" sizes=\"(max-width: 676px) 100vw, 676px\" \/><\/a><\/figure>\n\n\n\n<p><strong>EXPERI\u00caNCIA DE MAIS DE 25 ANOS<\/strong><\/p>\n\n\n\n<p>Seja treinado por  Instrutores apaixonados pela atividade, com v\u00e1rios cursos de especializa\u00e7\u00e3o,  comprometidos com seu aprendizado, seguran\u00e7a e divers\u00e3o.<\/p>\n\n\n\n<p><strong>TURMAS REDUZIDAS E FLEXIBILIDADE<\/strong><\/p>\n\n\n\n<p>Trabalhamos com turmas reduzidas e aulas particulares, para m\u00e1ximo aproveitamento e conforto de nossos alunos. Inicie seu curso a qualquer tempo, fa\u00e7a seus hor\u00e1rios e escolha onde e de que forma quer fazer seu curso.<\/p>\n\n\n\n<p>Utilize equipamentos dos melhores fabricantes mundiais e em perfeitas condi\u00e7\u00f5es de uso e manuten\u00e7\u00e3o.<\/p>\n\n\n\n<p><strong>MODERNA PLATAFORMA DE ENSINO<\/strong><\/p>\n\n\n\n<p>Utilizamos uma moderna e completa Plataforma de Ensino Digital para sua m\u00e1xima conveni\u00eancia e melhor aproveitamento.<\/p>\n\n\n\n<p>Ap\u00f3s o autoestudo, com acompanhamento, na plataforma, complete seu aprendizado te\u00f3rico com seu Instrutor, de forma remota ou presencialmente.<\/p>\n\n\n\n<p>Ent\u00e3o, tenha mais tempo para desenvolver as habilidades pr\u00e1ticas na piscina (\u00e1guas confinadas) e aproveite ao m\u00e1ximo seus mergulhos de treinamento no mar (\u00e1guas abertas).<\/p>\n\n\n\n<p class=\"has-text-align-left\"> <strong>Nossos alunos  atingem desempenho superior com a participa\u00e7\u00e3o em um curso completo, mais abrangente, com mais tempo para o desenvolvimento das habilidades pr\u00e1ticas necess\u00e1rias, sendo acompanhados por profissionais experientes e com diversos cursos de especializa\u00e7\u00e3o.<\/strong><\/p>\n\n\n\n<p><strong>Nosso compromisso \u00e9  e facilitar e garantir o seu desenvolvimento pleno, indo muito al\u00e9m do m\u00ednimo necess\u00e1rio para obten\u00e7\u00e3o de uma carteirinha.<\/strong><\/p>\n\n\n\n<figure class=\"wp-block-embed aligncenter is-type-video is-provider-youtube wp-block-embed-youtube wp-embed-aspect-16-9 wp-has-aspect-ratio\"><div class=\"wp-block-embed__wrapper\">\n<iframe title=\"We Are SSI\" width=\"640\" height=\"360\" src=\"https:\/\/www.youtube.com\/embed\/videoseries?list=PLjGOzSnw0OWwHkxVUTcXWw-eoudnfXQfd\" frameborder=\"0\" allow=\"accelerometer; autoplay; clipboard-write; encrypted-media; gyroscope; picture-in-picture; web-share\" referrerpolicy=\"strict-origin-when-cross-origin\" allowfullscreen><\/iframe>\n<\/div><figcaption class=\"wp-element-caption\"><strong>DISPON\u00cdVEL EM 40 IDIOMAS<\/strong><\/figcaption><\/figure>\n\n\n\n<p><\/p>\n\n\n\n<p><strong>Sala de aula e piscina no mesmo endere\u00e7o para seu conforto<\/strong><\/p>\n\n\n\n<div class=\"wp-block-jetpack-slideshow aligncenter\" data-effect=\"slide\"><div class=\"wp-block-jetpack-slideshow_container swiper-container\"><ul class=\"wp-block-jetpack-slideshow_swiper-wrapper swiper-wrapper\"><li class=\"wp-block-jetpack-slideshow_slide swiper-slide\"><figure><img decoding=\"async\" width=\"768\" height=\"1024\" alt=\"\" class=\"wp-block-jetpack-slideshow_image wp-image-1935\" data-id=\"1935\" src=\"http:\/\/divemore.com.br\/wp-content\/uploads\/2024\/03\/frente-2-1-768x1024.jpeg\" srcset=\"https:\/\/divemore.com.br\/wp-content\/uploads\/2024\/03\/frente-2-1-768x1024.jpeg 768w, https:\/\/divemore.com.br\/wp-content\/uploads\/2024\/03\/frente-2-1-225x300.jpeg 225w, https:\/\/divemore.com.br\/wp-content\/uploads\/2024\/03\/frente-2-1-1152x1536.jpeg 1152w, https:\/\/divemore.com.br\/wp-content\/uploads\/2024\/03\/frente-2-1-600x800.jpeg 600w, https:\/\/divemore.com.br\/wp-content\/uploads\/2024\/03\/frente-2-1-45x60.jpeg 45w, https:\/\/divemore.com.br\/wp-content\/uploads\/2024\/03\/frente-2-1-68x90.jpeg 68w, https:\/\/divemore.com.br\/wp-content\/uploads\/2024\/03\/frente-2-1.jpeg 1200w\" sizes=\"(max-width: 768px) 100vw, 768px\" \/><\/figure><\/li><li class=\"wp-block-jetpack-slideshow_slide swiper-slide\"><figure><img decoding=\"async\" width=\"768\" height=\"1024\" alt=\"\" class=\"wp-block-jetpack-slideshow_image wp-image-2160\" data-id=\"2160\" src=\"http:\/\/divemore.com.br\/wp-content\/uploads\/2024\/11\/sala-2-2-768x1024.jpg\" srcset=\"https:\/\/divemore.com.br\/wp-content\/uploads\/2024\/11\/sala-2-2-768x1024.jpg 768w, https:\/\/divemore.com.br\/wp-content\/uploads\/2024\/11\/sala-2-2-225x300.jpg 225w, https:\/\/divemore.com.br\/wp-content\/uploads\/2024\/11\/sala-2-2-1152x1536.jpg 1152w, https:\/\/divemore.com.br\/wp-content\/uploads\/2024\/11\/sala-2-2-1536x2048.jpg 1536w, https:\/\/divemore.com.br\/wp-content\/uploads\/2024\/11\/sala-2-2-600x800.jpg 600w, https:\/\/divemore.com.br\/wp-content\/uploads\/2024\/11\/sala-2-2-scaled.jpg 1920w\" sizes=\"(max-width: 768px) 100vw, 768px\" \/><\/figure><\/li><li class=\"wp-block-jetpack-slideshow_slide swiper-slide\"><figure><img loading=\"lazy\" decoding=\"async\" width=\"768\" height=\"1024\" alt=\"\" class=\"wp-block-jetpack-slideshow_image wp-image-1938\" data-id=\"1938\" src=\"http:\/\/divemore.com.br\/wp-content\/uploads\/2024\/03\/frente-ensolarada-768x1024.jpeg\" srcset=\"https:\/\/divemore.com.br\/wp-content\/uploads\/2024\/03\/frente-ensolarada-768x1024.jpeg 768w, https:\/\/divemore.com.br\/wp-content\/uploads\/2024\/03\/frente-ensolarada-225x300.jpeg 225w, https:\/\/divemore.com.br\/wp-content\/uploads\/2024\/03\/frente-ensolarada-1152x1536.jpeg 1152w, https:\/\/divemore.com.br\/wp-content\/uploads\/2024\/03\/frente-ensolarada-600x800.jpeg 600w, https:\/\/divemore.com.br\/wp-content\/uploads\/2024\/03\/frente-ensolarada.jpeg 1200w\" sizes=\"(max-width: 768px) 100vw, 768px\" \/><\/figure><\/li><li class=\"wp-block-jetpack-slideshow_slide swiper-slide\"><figure><img loading=\"lazy\" decoding=\"async\" width=\"768\" height=\"1024\" alt=\"\" class=\"wp-block-jetpack-slideshow_image wp-image-2159\" data-id=\"2159\" src=\"http:\/\/divemore.com.br\/wp-content\/uploads\/2024\/11\/sala-1-2-768x1024.jpg\" srcset=\"https:\/\/divemore.com.br\/wp-content\/uploads\/2024\/11\/sala-1-2-768x1024.jpg 768w, https:\/\/divemore.com.br\/wp-content\/uploads\/2024\/11\/sala-1-2-225x300.jpg 225w, https:\/\/divemore.com.br\/wp-content\/uploads\/2024\/11\/sala-1-2-1152x1536.jpg 1152w, https:\/\/divemore.com.br\/wp-content\/uploads\/2024\/11\/sala-1-2-1536x2048.jpg 1536w, https:\/\/divemore.com.br\/wp-content\/uploads\/2024\/11\/sala-1-2-600x800.jpg 600w, https:\/\/divemore.com.br\/wp-content\/uploads\/2024\/11\/sala-1-2-scaled.jpg 1920w\" sizes=\"(max-width: 768px) 100vw, 768px\" \/><\/figure><\/li><li class=\"wp-block-jetpack-slideshow_slide swiper-slide\"><figure><img loading=\"lazy\" decoding=\"async\" width=\"768\" height=\"1024\" alt=\"\" class=\"wp-block-jetpack-slideshow_image wp-image-1882\" data-id=\"1882\" src=\"http:\/\/divemore.com.br\/wp-content\/uploads\/2024\/03\/piscina-2-768x1024.jpeg\" srcset=\"https:\/\/divemore.com.br\/wp-content\/uploads\/2024\/03\/piscina-2-768x1024.jpeg 768w, https:\/\/divemore.com.br\/wp-content\/uploads\/2024\/03\/piscina-2-225x300.jpeg 225w, https:\/\/divemore.com.br\/wp-content\/uploads\/2024\/03\/piscina-2-1152x1536.jpeg 1152w, https:\/\/divemore.com.br\/wp-content\/uploads\/2024\/03\/piscina-2-600x800.jpeg 600w, https:\/\/divemore.com.br\/wp-content\/uploads\/2024\/03\/piscina-2-45x60.jpeg 45w, https:\/\/divemore.com.br\/wp-content\/uploads\/2024\/03\/piscina-2-68x90.jpeg 68w, https:\/\/divemore.com.br\/wp-content\/uploads\/2024\/03\/piscina-2.jpeg 1200w\" sizes=\"(max-width: 768px) 100vw, 768px\" \/><\/figure><\/li><li class=\"wp-block-jetpack-slideshow_slide swiper-slide\"><figure><img loading=\"lazy\" decoding=\"async\" width=\"862\" height=\"1024\" alt=\"\" class=\"wp-block-jetpack-slideshow_image wp-image-1959\" data-id=\"1959\" src=\"http:\/\/divemore.com.br\/wp-content\/uploads\/2024\/05\/piscina-100-862x1024.jpeg\" srcset=\"https:\/\/divemore.com.br\/wp-content\/uploads\/2024\/05\/piscina-100-862x1024.jpeg 862w, https:\/\/divemore.com.br\/wp-content\/uploads\/2024\/05\/piscina-100-252x300.jpeg 252w, https:\/\/divemore.com.br\/wp-content\/uploads\/2024\/05\/piscina-100-768x913.jpeg 768w, https:\/\/divemore.com.br\/wp-content\/uploads\/2024\/05\/piscina-100-600x713.jpeg 600w, https:\/\/divemore.com.br\/wp-content\/uploads\/2024\/05\/piscina-100.jpeg 960w\" sizes=\"(max-width: 862px) 100vw, 862px\" \/><\/figure><\/li><li class=\"wp-block-jetpack-slideshow_slide swiper-slide\"><figure><img loading=\"lazy\" decoding=\"async\" width=\"768\" height=\"1024\" alt=\"\" class=\"wp-block-jetpack-slideshow_image wp-image-1962\" data-id=\"1962\" src=\"http:\/\/divemore.com.br\/wp-content\/uploads\/2024\/05\/piscina-alunos-montanha-768x1024.jpeg\" srcset=\"https:\/\/divemore.com.br\/wp-content\/uploads\/2024\/05\/piscina-alunos-montanha-768x1024.jpeg 768w, https:\/\/divemore.com.br\/wp-content\/uploads\/2024\/05\/piscina-alunos-montanha-225x300.jpeg 225w, https:\/\/divemore.com.br\/wp-content\/uploads\/2024\/05\/piscina-alunos-montanha-600x800.jpeg 600w, https:\/\/divemore.com.br\/wp-content\/uploads\/2024\/05\/piscina-alunos-montanha.jpeg 960w\" sizes=\"(max-width: 768px) 100vw, 768px\" \/><\/figure><\/li><li class=\"wp-block-jetpack-slideshow_slide swiper-slide\"><figure><img loading=\"lazy\" decoding=\"async\" width=\"768\" height=\"1024\" alt=\"\" class=\"wp-block-jetpack-slideshow_image wp-image-2147\" data-id=\"2147\" src=\"http:\/\/divemore.com.br\/wp-content\/uploads\/2024\/11\/loja-1-768x1024.jpg\" srcset=\"https:\/\/divemore.com.br\/wp-content\/uploads\/2024\/11\/loja-1-768x1024.jpg 768w, https:\/\/divemore.com.br\/wp-content\/uploads\/2024\/11\/loja-1-225x300.jpg 225w, https:\/\/divemore.com.br\/wp-content\/uploads\/2024\/11\/loja-1-1152x1536.jpg 1152w, https:\/\/divemore.com.br\/wp-content\/uploads\/2024\/11\/loja-1-1536x2048.jpg 1536w, https:\/\/divemore.com.br\/wp-content\/uploads\/2024\/11\/loja-1-600x800.jpg 600w, https:\/\/divemore.com.br\/wp-content\/uploads\/2024\/11\/loja-1-scaled.jpg 1920w\" sizes=\"(max-width: 768px) 100vw, 768px\" \/><\/figure><\/li><li class=\"wp-block-jetpack-slideshow_slide swiper-slide\"><figure><img loading=\"lazy\" decoding=\"async\" width=\"768\" height=\"1024\" alt=\"\" class=\"wp-block-jetpack-slideshow_image wp-image-2148\" data-id=\"2148\" src=\"http:\/\/divemore.com.br\/wp-content\/uploads\/2024\/11\/oficina-1-768x1024.jpg\" srcset=\"https:\/\/divemore.com.br\/wp-content\/uploads\/2024\/11\/oficina-1-768x1024.jpg 768w, https:\/\/divemore.com.br\/wp-content\/uploads\/2024\/11\/oficina-1-225x300.jpg 225w, https:\/\/divemore.com.br\/wp-content\/uploads\/2024\/11\/oficina-1-1152x1536.jpg 1152w, https:\/\/divemore.com.br\/wp-content\/uploads\/2024\/11\/oficina-1-1536x2048.jpg 1536w, https:\/\/divemore.com.br\/wp-content\/uploads\/2024\/11\/oficina-1-600x800.jpg 600w, https:\/\/divemore.com.br\/wp-content\/uploads\/2024\/11\/oficina-1-scaled.jpg 1920w\" sizes=\"(max-width: 768px) 100vw, 768px\" \/><\/figure><\/li><\/ul><a class=\"wp-block-jetpack-slideshow_button-prev swiper-button-prev swiper-button-white\" role=\"button\"><\/a><a class=\"wp-block-jetpack-slideshow_button-next swiper-button-next swiper-button-white\" role=\"button\"><\/a><a aria-label=\"Pause Slideshow\" class=\"wp-block-jetpack-slideshow_button-pause\" role=\"button\"><\/a><div class=\"wp-block-jetpack-slideshow_pagination swiper-pagination swiper-pagination-white\"><\/div><\/div><\/div>\n\n\n\n<figure class=\"wp-block-gallery has-nested-images columns-default is-cropped wp-block-gallery-1 is-layout-flex wp-block-gallery-is-layout-flex\">\n<figure class=\"wp-block-image size-large\"><img loading=\"lazy\" decoding=\"async\" width=\"683\" height=\"1024\" data-id=\"1810\" src=\"https:\/\/divemore.com.br\/wp-content\/uploads\/2022\/03\/IMG_20220301_200736_1931-683x1024.jpg\" alt=\"\" class=\"wp-image-1810\" srcset=\"https:\/\/divemore.com.br\/wp-content\/uploads\/2022\/03\/IMG_20220301_200736_1931-683x1024.jpg 683w, https:\/\/divemore.com.br\/wp-content\/uploads\/2022\/03\/IMG_20220301_200736_1931-200x300.jpg 200w, https:\/\/divemore.com.br\/wp-content\/uploads\/2022\/03\/IMG_20220301_200736_1931-768x1151.jpg 768w, https:\/\/divemore.com.br\/wp-content\/uploads\/2022\/03\/IMG_20220301_200736_1931-1025x1536.jpg 1025w, https:\/\/divemore.com.br\/wp-content\/uploads\/2022\/03\/IMG_20220301_200736_1931-600x899.jpg 600w, https:\/\/divemore.com.br\/wp-content\/uploads\/2022\/03\/IMG_20220301_200736_1931-40x60.jpg 40w, https:\/\/divemore.com.br\/wp-content\/uploads\/2022\/03\/IMG_20220301_200736_1931-60x90.jpg 60w, https:\/\/divemore.com.br\/wp-content\/uploads\/2022\/03\/IMG_20220301_200736_1931.jpg 1170w\" sizes=\"(max-width: 683px) 100vw, 683px\" \/><\/figure>\n\n\n\n<figure class=\"wp-block-image size-large\"><img loading=\"lazy\" decoding=\"async\" width=\"683\" height=\"1024\" data-id=\"1811\" src=\"https:\/\/divemore.com.br\/wp-content\/uploads\/2022\/03\/IMG_20220301_200747_6021-683x1024.jpg\" alt=\"\" class=\"wp-image-1811\" srcset=\"https:\/\/divemore.com.br\/wp-content\/uploads\/2022\/03\/IMG_20220301_200747_6021-683x1024.jpg 683w, https:\/\/divemore.com.br\/wp-content\/uploads\/2022\/03\/IMG_20220301_200747_6021-200x300.jpg 200w, https:\/\/divemore.com.br\/wp-content\/uploads\/2022\/03\/IMG_20220301_200747_6021-768x1151.jpg 768w, https:\/\/divemore.com.br\/wp-content\/uploads\/2022\/03\/IMG_20220301_200747_6021-1025x1536.jpg 1025w, https:\/\/divemore.com.br\/wp-content\/uploads\/2022\/03\/IMG_20220301_200747_6021-600x899.jpg 600w, https:\/\/divemore.com.br\/wp-content\/uploads\/2022\/03\/IMG_20220301_200747_6021-40x60.jpg 40w, https:\/\/divemore.com.br\/wp-content\/uploads\/2022\/03\/IMG_20220301_200747_6021-60x90.jpg 60w, https:\/\/divemore.com.br\/wp-content\/uploads\/2022\/03\/IMG_20220301_200747_6021.jpg 1170w\" sizes=\"(max-width: 683px) 100vw, 683px\" \/><\/figure>\n<\/figure>\n\n\n\n<p><strong>Pronto para come\u00e7ar a aventura que vai mudar sua vida? Entre em contato e inicie seu curso agora mesmo!<\/strong><\/p>\n\n\n\n<p><strong>Ainda n\u00e3o tem certeza? Entre em contato para mais esclarecimentos, receber acesso a muito conte\u00fado gratuito, incluindo o curso Scuba Diver e muito mais!<\/strong><\/p>\n\n\n\n<figure class=\"wp-block-image size-large\"><img loading=\"lazy\" decoding=\"async\" width=\"1024\" height=\"681\" src=\"http:\/\/divemore.com.br\/wp-content\/uploads\/2020\/09\/Tubarao-Staff-3-1024x681.jpg\" alt=\"\" class=\"wp-image-605\" srcset=\"https:\/\/divemore.com.br\/wp-content\/uploads\/2020\/09\/Tubarao-Staff-3-1024x681.jpg 1024w, https:\/\/divemore.com.br\/wp-content\/uploads\/2020\/09\/Tubarao-Staff-3-600x399.jpg 600w, https:\/\/divemore.com.br\/wp-content\/uploads\/2020\/09\/Tubarao-Staff-3-300x199.jpg 300w, https:\/\/divemore.com.br\/wp-content\/uploads\/2020\/09\/Tubarao-Staff-3-768x511.jpg 768w, https:\/\/divemore.com.br\/wp-content\/uploads\/2020\/09\/Tubarao-Staff-3-1536x1021.jpg 1536w, https:\/\/divemore.com.br\/wp-content\/uploads\/2020\/09\/Tubarao-Staff-3-2048x1362.jpg 2048w\" sizes=\"(max-width: 1024px) 100vw, 1024px\" \/><\/figure>\n\n\n\n<p><strong>Miss\u00e3o<\/strong>: Proporcionar experi\u00eancias positivas, aprendizado progressivo e pr\u00e1tica continuada, contribuindo com a qualidade de vida de amigos, clientes e comunidade local.<\/p>\n\n\n\n<figure class=\"wp-block-gallery has-nested-images columns-default is-cropped wp-block-gallery-2 is-layout-flex wp-block-gallery-is-layout-flex\">\n<figure class=\"wp-block-image size-large\"><img loading=\"lazy\" decoding=\"async\" width=\"1024\" height=\"681\" data-id=\"443\" src=\"https:\/\/divemore.com.br\/wp-content\/uploads\/2020\/09\/raia-1-1024x681.jpg\" alt=\"\" class=\"wp-image-443\" srcset=\"https:\/\/divemore.com.br\/wp-content\/uploads\/2020\/09\/raia-1-1024x681.jpg 1024w, https:\/\/divemore.com.br\/wp-content\/uploads\/2020\/09\/raia-1-600x399.jpg 600w, https:\/\/divemore.com.br\/wp-content\/uploads\/2020\/09\/raia-1-300x199.jpg 300w, https:\/\/divemore.com.br\/wp-content\/uploads\/2020\/09\/raia-1-768x511.jpg 768w, https:\/\/divemore.com.br\/wp-content\/uploads\/2020\/09\/raia-1-1536x1021.jpg 1536w, https:\/\/divemore.com.br\/wp-content\/uploads\/2020\/09\/raia-1-2048x1362.jpg 2048w\" sizes=\"(max-width: 1024px) 100vw, 1024px\" \/><\/figure>\n<\/figure>\n\n\n\n<p><strong>Valores:&nbsp;<\/strong>Profissionalismo, Respeito, Excel\u00eancia T\u00e9cnica, Seguran\u00e7a, Divers\u00e3o, Responsabilidade&nbsp; Ambiental e Social e Aprendizado Cont\u00ednuo.<\/p>\n\n\n\n<p><strong>alessandro@divemore.com.br<\/strong><\/p>\n\n\n\n<p><strong>(48) 99102 8084<\/strong><\/p>\n\n\n\n<ul class=\"wp-block-social-links is-layout-flex wp-block-social-links-is-layout-flex\">\n\n\n\n\n\n<li class=\"wp-social-link wp-social-link-instagram  wp-block-social-link\"><a href=\"https:\/\/www.instagram.com\/dive.more\/\" class=\"wp-block-social-link-anchor\"><svg width=\"24\" height=\"24\" viewBox=\"0 0 24 24\" version=\"1.1\" xmlns=\"http:\/\/www.w3.org\/2000\/svg\" aria-hidden=\"true\" focusable=\"false\"><path d=\"M12,4.622c2.403,0,2.688,0.009,3.637,0.052c0.877,0.04,1.354,0.187,1.671,0.31c0.42,0.163,0.72,0.358,1.035,0.673 c0.315,0.315,0.51,0.615,0.673,1.035c0.123,0.317,0.27,0.794,0.31,1.671c0.043,0.949,0.052,1.234,0.052,3.637 s-0.009,2.688-0.052,3.637c-0.04,0.877-0.187,1.354-0.31,1.671c-0.163,0.42-0.358,0.72-0.673,1.035 c-0.315,0.315-0.615,0.51-1.035,0.673c-0.317,0.123-0.794,0.27-1.671,0.31c-0.949,0.043-1.233,0.052-3.637,0.052 s-2.688-0.009-3.637-0.052c-0.877-0.04-1.354-0.187-1.671-0.31c-0.42-0.163-0.72-0.358-1.035-0.673 c-0.315-0.315-0.51-0.615-0.673-1.035c-0.123-0.317-0.27-0.794-0.31-1.671C4.631,14.688,4.622,14.403,4.622,12 s0.009-2.688,0.052-3.637c0.04-0.877,0.187-1.354,0.31-1.671c0.163-0.42,0.358-0.72,0.673-1.035 c0.315-0.315,0.615-0.51,1.035-0.673c0.317-0.123,0.794-0.27,1.671-0.31C9.312,4.631,9.597,4.622,12,4.622 M12,3 C9.556,3,9.249,3.01,8.289,3.054C7.331,3.098,6.677,3.25,6.105,3.472C5.513,3.702,5.011,4.01,4.511,4.511 c-0.5,0.5-0.808,1.002-1.038,1.594C3.25,6.677,3.098,7.331,3.054,8.289C3.01,9.249,3,9.556,3,12c0,2.444,0.01,2.751,0.054,3.711 c0.044,0.958,0.196,1.612,0.418,2.185c0.23,0.592,0.538,1.094,1.038,1.594c0.5,0.5,1.002,0.808,1.594,1.038 c0.572,0.222,1.227,0.375,2.185,0.418C9.249,20.99,9.556,21,12,21s2.751-0.01,3.711-0.054c0.958-0.044,1.612-0.196,2.185-0.418 c0.592-0.23,1.094-0.538,1.594-1.038c0.5-0.5,0.808-1.002,1.038-1.594c0.222-0.572,0.375-1.227,0.418-2.185 C20.99,14.751,21,14.444,21,12s-0.01-2.751-0.054-3.711c-0.044-0.958-0.196-1.612-0.418-2.185c-0.23-0.592-0.538-1.094-1.038-1.594 c-0.5-0.5-1.002-0.808-1.594-1.038c-0.572-0.222-1.227-0.375-2.185-0.418C14.751,3.01,14.444,3,12,3L12,3z M12,7.378 c-2.552,0-4.622,2.069-4.622,4.622S9.448,16.622,12,16.622s4.622-2.069,4.622-4.622S14.552,7.378,12,7.378z M12,15 c-1.657,0-3-1.343-3-3s1.343-3,3-3s3,1.343,3,3S13.657,15,12,15z M16.804,6.116c-0.596,0-1.08,0.484-1.08,1.08 s0.484,1.08,1.08,1.08c0.596,0,1.08-0.484,1.08-1.08S17.401,6.116,16.804,6.116z\"><\/path><\/svg><span class=\"wp-block-social-link-label screen-reader-text\">Instagram<\/span><\/a><\/li>\n\n\n\n\n\n\n\n<li class=\"wp-social-link wp-social-link-facebook  wp-block-social-link\"><a href=\"https:\/\/www.facebook.com\/divemoremergulho\/\" class=\"wp-block-social-link-anchor\"><svg width=\"24\" height=\"24\" viewBox=\"0 0 24 24\" version=\"1.1\" xmlns=\"http:\/\/www.w3.org\/2000\/svg\" aria-hidden=\"true\" focusable=\"false\"><path d=\"M12 2C6.5 2 2 6.5 2 12c0 5 3.7 9.1 8.4 9.9v-7H7.9V12h2.5V9.8c0-2.5 1.5-3.9 3.8-3.9 1.1 0 2.2.2 2.2.2v2.5h-1.3c-1.2 0-1.6.8-1.6 1.6V12h2.8l-.4 2.9h-2.3v7C18.3 21.1 22 17 22 12c0-5.5-4.5-10-10-10z\"><\/path><\/svg><span class=\"wp-block-social-link-label screen-reader-text\">Facebook<\/span><\/a><\/li>\n\n<li class=\"wp-social-link wp-social-link-youtube  wp-block-social-link\"><a href=\"https:\/\/www.youtube.com\/channel\/UCJvXSpe2P0TiipQ6egv9NQw\/featured?view_as=subscriber\" class=\"wp-block-social-link-anchor\"><svg width=\"24\" height=\"24\" viewBox=\"0 0 24 24\" version=\"1.1\" xmlns=\"http:\/\/www.w3.org\/2000\/svg\" aria-hidden=\"true\" focusable=\"false\"><path d=\"M21.8,8.001c0,0-0.195-1.378-0.795-1.985c-0.76-0.797-1.613-0.801-2.004-0.847c-2.799-0.202-6.997-0.202-6.997-0.202 h-0.009c0,0-4.198,0-6.997,0.202C4.608,5.216,3.756,5.22,2.995,6.016C2.395,6.623,2.2,8.001,2.2,8.001S2,9.62,2,11.238v1.517 c0,1.618,0.2,3.237,0.2,3.237s0.195,1.378,0.795,1.985c0.761,0.797,1.76,0.771,2.205,0.855c1.6,0.153,6.8,0.201,6.8,0.201 s4.203-0.006,7.001-0.209c0.391-0.047,1.243-0.051,2.004-0.847c0.6-0.607,0.795-1.985,0.795-1.985s0.2-1.618,0.2-3.237v-1.517 C22,9.62,21.8,8.001,21.8,8.001z M9.935,14.594l-0.001-5.62l5.404,2.82L9.935,14.594z\"><\/path><\/svg><span class=\"wp-block-social-link-label screen-reader-text\">YouTube<\/span><\/a><\/li><\/ul>\n\n\n\n<p><\/p>\n","protected":false},"excerpt":{"rendered":"<p>COMPROMETIMENTO Escola de Mergulho preparada para oferecer servi\u00e7os qualificados, superando os mais altos padr\u00f5es de exig\u00eancia e seguran\u00e7a do ramo, com atendimento personalizado e muita divers\u00e3o. Oferecemos cursos &nbsp;do b\u00e1sico<\/p>\n","protected":false},"author":1,"featured_media":0,"parent":0,"menu_order":0,"comment_status":"closed","ping_status":"closed","template":"","meta":{"footnotes":""},"class_list":{"1":"page","2":"type-page","3":"status-publish","4":"hentry"},"jetpack_sharing_enabled":true,"_links":{"self":[{"href":"https:\/\/divemore.com.br\/index.php?rest_route=\/wp\/v2\/pages\/309","targetHints":{"allow":["GET"]}}],"collection":[{"href":"https:\/\/divemore.com.br\/index.php?rest_route=\/wp\/v2\/pages"}],"about":[{"href":"https:\/\/divemore.com.br\/index.php?rest_route=\/wp\/v2\/types\/page"}],"author":[{"embeddable":true,"href":"https:\/\/divemore.com.br\/index.php?rest_route=\/wp\/v2\/users\/1"}],"replies":[{"embeddable":true,"href":"https:\/\/divemore.com.br\/index.php?rest_route=%2Fwp%2Fv2%2Fcomments&post=309"}],"version-history":[{"count":49,"href":"https:\/\/divemore.com.br\/index.php?rest_route=\/wp\/v2\/pages\/309\/revisions"}],"predecessor-version":[{"id":2168,"href":"https:\/\/divemore.com.br\/index.php?rest_route=\/wp\/v2\/pages\/309\/revisions\/2168"}],"wp:attachment":[{"href":"https:\/\/divemore.com.br\/index.php?rest_route=%2Fwp%2Fv2%2Fmedia&parent=309"}],"curies":[{"name":"wp","href":"https:\/\/api.w.org\/{rel}","templated":true}]}}