{"id":2071,"date":"2024-05-29T18:07:54","date_gmt":"2024-05-29T21:07:54","guid":{"rendered":"https:\/\/divemore.com.br\/?page_id=2071"},"modified":"2024-05-29T18:15:06","modified_gmt":"2024-05-29T21:15:06","slug":"scuba-skills-update","status":"publish","type":"page","link":"https:\/\/divemore.com.br\/?page_id=2071","title":{"rendered":"SCUBA SKILLS UPDATE"},"content":{"rendered":"\n<p>Se voc\u00ea esta inseguro(a) com suas habilidades de mergulho e principais conceitos te\u00f3ricos, ou ainda, deseja relembras as principais t\u00e9cnicas e melhorar seu desempenho esse \u00e9 o programa ideal.<\/p>\n\n\n\n<p>Revise os principais conceitos te\u00f3ricos de forma din\u00e2mica e divertida, pratique as principais habilidades aprendidas no Curso B\u00e1sico,  aprimore suas t\u00e9cnicas e aprenda mais.<\/p>\n\n\n\n<p>\u00c9 muito melhor treinar em um ambiente did\u00e1tico, acompanhado de um instrutor experiente <strong>(<a href=\"https:\/\/divemore.com.br\/?page_id=306(abrir em uma nova aba)\">curr\u00edculo<\/a><\/strong>) do que sentir-se inseguro no mar,  perdendo muito da sua divers\u00e3o e  correndo riscos.<\/p>\n\n\n\n<p>Invista na sua seguran\u00e7a e divers\u00e3o!<\/p>\n\n\n\n<p><strong>Obs.: em muitos locais de mergulho esse programa \u00e9 requerido todas as vezes que voc\u00ea fica mais de seis meses sem mergulhar<\/strong>.<\/p>\n\n\n\n<p><strong>Entre em contato para mais informa\u00e7\u00f5es.<\/strong><\/p>\n\n\n\n<p><strong>alessandro@divemore.com.br<\/strong><\/p>\n\n\n\n<p><strong>(48) 99102 8084<\/strong><\/p>\n","protected":false},"excerpt":{"rendered":"<p>Se voc\u00ea esta inseguro(a) com suas habilidades de mergulho e principais conceitos te\u00f3ricos, ou ainda, deseja relembras as principais t\u00e9cnicas e melhorar seu desempenho esse \u00e9 o programa ideal. Revise<\/p>\n","protected":false},"author":1,"featured_media":0,"parent":0,"menu_order":0,"comment_status":"closed","ping_status":"closed","template":"","meta":{"footnotes":""},"class_list":{"1":"page","2":"type-page","3":"status-publish","4":"hentry"},"jetpack_sharing_enabled":true,"_links":{"self":[{"href":"https:\/\/divemore.com.br\/index.php?rest_route=\/wp\/v2\/pages\/2071","targetHints":{"allow":["GET"]}}],"collection":[{"href":"https:\/\/divemore.com.br\/index.php?rest_route=\/wp\/v2\/pages"}],"about":[{"href":"https:\/\/divemore.com.br\/index.php?rest_route=\/wp\/v2\/types\/page"}],"author":[{"embeddable":true,"href":"https:\/\/divemore.com.br\/index.php?rest_route=\/wp\/v2\/users\/1"}],"replies":[{"embeddable":true,"href":"https:\/\/divemore.com.br\/index.php?rest_route=%2Fwp%2Fv2%2Fcomments&post=2071"}],"version-history":[{"count":4,"href":"https:\/\/divemore.com.br\/index.php?rest_route=\/wp\/v2\/pages\/2071\/revisions"}],"predecessor-version":[{"id":2077,"href":"https:\/\/divemore.com.br\/index.php?rest_route=\/wp\/v2\/pages\/2071\/revisions\/2077"}],"wp:attachment":[{"href":"https:\/\/divemore.com.br\/index.php?rest_route=%2Fwp%2Fv2%2Fmedia&parent=2071"}],"curies":[{"name":"wp","href":"https:\/\/api.w.org\/{rel}","templated":true}]}}