{"id":2061,"date":"2024-05-29T17:13:52","date_gmt":"2024-05-29T20:13:52","guid":{"rendered":"https:\/\/divemore.com.br\/?page_id=2061"},"modified":"2025-02-01T20:39:28","modified_gmt":"2025-02-01T23:39:28","slug":"mergulho-credenciados","status":"publish","type":"page","link":"https:\/\/divemore.com.br\/?page_id=2061","title":{"rendered":"MERGULHO CREDENCIADOS"},"content":{"rendered":"\n<p>Quer mergulhar com o acompanhamento de um Instrutor com <strong>mais de 30 anos de experi\u00eancia<\/strong> <strong><a href=\"http:\/\/divemore.com.br\/?page_id=306\">(curr\u00edculo)<\/a><\/strong>, v\u00e1rios cursos de especializa\u00e7\u00e3o e apaixonado pela atividade?<\/p>\n\n\n\n<p>N\u00e3o importa se voc\u00ea tem poucos ou muitos mergulhos, a proposta \u00e9 proporcionar o melhor mergulho  poss\u00edvel, dentro do seu n\u00edvel de treinamento e experi\u00eancia.<\/p>\n\n\n\n<p>Utilize equipamentos em perfeitas condi\u00e7\u00f5es de uso e manuten\u00e7\u00e3o, receba orienta\u00e7\u00f5es precisas e individualizadas, seja guiado por quem conhece a atividade  e estar\u00e1 inteiramente \u00e0 sua disposi\u00e7\u00e3o.<\/p>\n\n\n\n<p>Obs.: se voc\u00ea n\u00e3o lembra as habilidades b\u00e1sicas e est\u00e1 inseguro(a) recomendamos uma revis\u00e3o pr\u00e9via <strong><a href=\"https:\/\/divemore.com.br\/?page_id=2071(abrir em uma nova aba)\">(SCUBA Skills Update)<\/a>.<\/strong><\/p>\n\n\n\n<p><strong>Pr\u00e9-requisitos<\/strong><\/p>\n\n\n\n<p>Possuir credencial internacionalmente reconhecida.<\/p>\n\n\n\n<p><strong>Incluso<\/strong><\/p>\n\n\n\n<p>Acompanhamento de Instrutor&nbsp; experiente durante todo o mergulho;<\/p>\n\n\n\n<p>Todo o equipamento&nbsp; necess\u00e1rio.<\/p>\n\n\n\n<figure class=\"wp-block-gallery has-nested-images columns-default is-cropped wp-block-gallery-1 is-layout-flex wp-block-gallery-is-layout-flex\">\n<figure class=\"wp-block-image size-full\"><img fetchpriority=\"high\" decoding=\"async\" width=\"1024\" height=\"768\" data-id=\"1656\" src=\"http:\/\/divemore.com.br\/wp-content\/uploads\/2021\/08\/WhatsApp-Image-2021-08-28-at-19.45.49.jpeg\" alt=\"\" class=\"wp-image-1656\" srcset=\"https:\/\/divemore.com.br\/wp-content\/uploads\/2021\/08\/WhatsApp-Image-2021-08-28-at-19.45.49.jpeg 1024w, https:\/\/divemore.com.br\/wp-content\/uploads\/2021\/08\/WhatsApp-Image-2021-08-28-at-19.45.49-300x225.jpeg 300w, https:\/\/divemore.com.br\/wp-content\/uploads\/2021\/08\/WhatsApp-Image-2021-08-28-at-19.45.49-768x576.jpeg 768w, https:\/\/divemore.com.br\/wp-content\/uploads\/2021\/08\/WhatsApp-Image-2021-08-28-at-19.45.49-800x600.jpeg 800w, https:\/\/divemore.com.br\/wp-content\/uploads\/2021\/08\/WhatsApp-Image-2021-08-28-at-19.45.49-600x450.jpeg 600w, https:\/\/divemore.com.br\/wp-content\/uploads\/2021\/08\/WhatsApp-Image-2021-08-28-at-19.45.49-80x60.jpeg 80w, https:\/\/divemore.com.br\/wp-content\/uploads\/2021\/08\/WhatsApp-Image-2021-08-28-at-19.45.49-120x90.jpeg 120w\" sizes=\"(max-width: 1024px) 100vw, 1024px\" \/><\/figure>\n\n\n\n<figure class=\"wp-block-image size-full\"><img decoding=\"async\" width=\"1920\" height=\"1815\" data-id=\"1995\" src=\"http:\/\/divemore.com.br\/wp-content\/uploads\/2021\/02\/cropped-Artur-1.jpeg\" alt=\"\" class=\"wp-image-1995\" srcset=\"https:\/\/divemore.com.br\/wp-content\/uploads\/2021\/02\/cropped-Artur-1.jpeg 1920w, https:\/\/divemore.com.br\/wp-content\/uploads\/2021\/02\/cropped-Artur-1-300x284.jpeg 300w, https:\/\/divemore.com.br\/wp-content\/uploads\/2021\/02\/cropped-Artur-1-1024x968.jpeg 1024w, https:\/\/divemore.com.br\/wp-content\/uploads\/2021\/02\/cropped-Artur-1-768x726.jpeg 768w, https:\/\/divemore.com.br\/wp-content\/uploads\/2021\/02\/cropped-Artur-1-1536x1452.jpeg 1536w, https:\/\/divemore.com.br\/wp-content\/uploads\/2021\/02\/cropped-Artur-1-600x567.jpeg 600w\" sizes=\"(max-width: 1920px) 100vw, 1920px\" \/><\/figure>\n<\/figure>\n\n\n\n<figure class=\"wp-block-gallery has-nested-images columns-default is-cropped wp-block-gallery-2 is-layout-flex wp-block-gallery-is-layout-flex\">\n<figure class=\"wp-block-image size-full\"><img decoding=\"async\" width=\"1079\" height=\"1072\" data-id=\"352\" src=\"http:\/\/divemore.com.br\/wp-content\/uploads\/2020\/09\/tek.jpeg\" alt=\"\" class=\"wp-image-352\" srcset=\"https:\/\/divemore.com.br\/wp-content\/uploads\/2020\/09\/tek.jpeg 1079w, https:\/\/divemore.com.br\/wp-content\/uploads\/2020\/09\/tek-100x100.jpeg 100w, https:\/\/divemore.com.br\/wp-content\/uploads\/2020\/09\/tek-600x596.jpeg 600w, https:\/\/divemore.com.br\/wp-content\/uploads\/2020\/09\/tek-300x298.jpeg 300w, https:\/\/divemore.com.br\/wp-content\/uploads\/2020\/09\/tek-1024x1017.jpeg 1024w, https:\/\/divemore.com.br\/wp-content\/uploads\/2020\/09\/tek-150x150.jpeg 150w, https:\/\/divemore.com.br\/wp-content\/uploads\/2020\/09\/tek-768x763.jpeg 768w\" sizes=\"(max-width: 1079px) 100vw, 1079px\" \/><\/figure>\n\n\n\n<figure class=\"wp-block-image size-large\"><img loading=\"lazy\" decoding=\"async\" width=\"1015\" height=\"1024\" data-id=\"358\" src=\"https:\/\/divemore.com.br\/wp-content\/uploads\/2020\/09\/livre-1015x1024.jpeg\" alt=\"\" class=\"wp-image-358\" srcset=\"https:\/\/divemore.com.br\/wp-content\/uploads\/2020\/09\/livre-1015x1024.jpeg 1015w, https:\/\/divemore.com.br\/wp-content\/uploads\/2020\/09\/livre-100x100.jpeg 100w, https:\/\/divemore.com.br\/wp-content\/uploads\/2020\/09\/livre-600x605.jpeg 600w, https:\/\/divemore.com.br\/wp-content\/uploads\/2020\/09\/livre-298x300.jpeg 298w, https:\/\/divemore.com.br\/wp-content\/uploads\/2020\/09\/livre-150x150.jpeg 150w, https:\/\/divemore.com.br\/wp-content\/uploads\/2020\/09\/livre-768x774.jpeg 768w, https:\/\/divemore.com.br\/wp-content\/uploads\/2020\/09\/livre.jpeg 1071w\" sizes=\"(max-width: 1015px) 100vw, 1015px\" \/><\/figure>\n<\/figure>\n\n\n\n<p><strong>Entre em contato para mais informa\u00e7\u00f5es.<\/strong><\/p>\n\n\n\n<p><strong>alessandro@divemore.com.br<\/strong><\/p>\n\n\n\n<p><strong>(48) 99102 8084<\/strong><\/p>\n","protected":false},"excerpt":{"rendered":"<p>Quer mergulhar com o acompanhamento de um Instrutor com mais de 30 anos de experi\u00eancia (curr\u00edculo), v\u00e1rios cursos de especializa\u00e7\u00e3o e apaixonado pela atividade? N\u00e3o importa se voc\u00ea tem poucos<\/p>\n","protected":false},"author":1,"featured_media":0,"parent":0,"menu_order":0,"comment_status":"closed","ping_status":"closed","template":"","meta":{"footnotes":""},"class_list":{"1":"page","2":"type-page","3":"status-publish","4":"hentry"},"jetpack_sharing_enabled":true,"_links":{"self":[{"href":"https:\/\/divemore.com.br\/index.php?rest_route=\/wp\/v2\/pages\/2061","targetHints":{"allow":["GET"]}}],"collection":[{"href":"https:\/\/divemore.com.br\/index.php?rest_route=\/wp\/v2\/pages"}],"about":[{"href":"https:\/\/divemore.com.br\/index.php?rest_route=\/wp\/v2\/types\/page"}],"author":[{"embeddable":true,"href":"https:\/\/divemore.com.br\/index.php?rest_route=\/wp\/v2\/users\/1"}],"replies":[{"embeddable":true,"href":"https:\/\/divemore.com.br\/index.php?rest_route=%2Fwp%2Fv2%2Fcomments&post=2061"}],"version-history":[{"count":7,"href":"https:\/\/divemore.com.br\/index.php?rest_route=\/wp\/v2\/pages\/2061\/revisions"}],"predecessor-version":[{"id":2234,"href":"https:\/\/divemore.com.br\/index.php?rest_route=\/wp\/v2\/pages\/2061\/revisions\/2234"}],"wp:attachment":[{"href":"https:\/\/divemore.com.br\/index.php?rest_route=%2Fwp%2Fv2%2Fmedia&parent=2061"}],"curies":[{"name":"wp","href":"https:\/\/api.w.org\/{rel}","templated":true}]}}