{"id":2052,"date":"2024-05-29T15:36:18","date_gmt":"2024-05-29T18:36:18","guid":{"rendered":"https:\/\/divemore.com.br\/?page_id=2052"},"modified":"2024-05-29T15:36:20","modified_gmt":"2024-05-29T18:36:20","slug":"stress-rescue","status":"publish","type":"page","link":"https:\/\/divemore.com.br\/?page_id=2052","title":{"rendered":"STRESS &amp; RESCUE"},"content":{"rendered":"\n<p>O programa de Especialidade de Mergulhador Stress &amp; Rescue \u00e9 o melhor curso para aprender as habilidades necess\u00e1rias que precisa para proteger-se a si e aos outros mergulhadores. Ir\u00e1 aprender como identificar stress, como prevenir acidentes e iremos ensinar-lhe t\u00e9cnicas para realizar resgates e oferecer cuidados de emerg\u00eancia. <\/p>\n\n\n\n<p>Com uma combina\u00e7\u00e3o de sess\u00f5es pr\u00e1ticas em piscina e em \u00e1guas abertas, ficar\u00e1 bem preparado e confiante no tratamento de emerg\u00eancias e em situa\u00e7\u00f5es de resgate. Ap\u00f3s a conclus\u00e3o do programa ir\u00e1 receber a certifica\u00e7\u00e3o de Especialidade de Mergulhador Stress &amp; Rescue SSI.<\/p>\n\n\n\n<p><strong>Pr\u00e9-requisitos<\/strong><\/p>\n\n\n\n<p>Ter pelo menos 12 anos de idade;<\/p>\n\n\n\n<p><strong>\u00a0<\/strong>Reacr Right ou equivalente na validade.<\/p>\n\n\n\n<p><strong>Estrutura do Curso<\/strong><\/p>\n\n\n\n<p>Auto estudo em plataforma digital;<\/p>\n\n\n\n<p>Aulas te\u00f3ricas;<\/p>\n\n\n\n<p>Aula pr\u00e1ticas de piscina;<\/p>\n\n\n\n<p>Clinicas de piscina e de mar.<\/p>\n\n\n\n<p><strong>Incluso<\/strong><\/p>\n\n\n\n<p>Material did\u00e1tico completo, Tabelas\u00a0 e Loog Book\u00a0 digital;<\/p>\n\n\n\n<p>Aulas te\u00f3ricas;;<\/p>\n\n\n\n<p>Certificado Internacional.<\/p>\n\n\n\n<p><strong>Entre em contato para mais informa\u00e7\u00f5es.<\/strong><\/p>\n\n\n\n<p><strong>alessandro@divemore.com.br<\/strong><\/p>\n\n\n\n<p><strong>(48) 99102 8084<\/strong><\/p>\n","protected":false},"excerpt":{"rendered":"<p>O programa de Especialidade de Mergulhador Stress &amp; Rescue \u00e9 o melhor curso para aprender as habilidades necess\u00e1rias que precisa para proteger-se a si e aos outros mergulhadores. Ir\u00e1 aprender<\/p>\n","protected":false},"author":1,"featured_media":0,"parent":0,"menu_order":0,"comment_status":"closed","ping_status":"closed","template":"","meta":{"footnotes":""},"class_list":{"1":"page","2":"type-page","3":"status-publish","4":"hentry"},"jetpack_sharing_enabled":true,"_links":{"self":[{"href":"https:\/\/divemore.com.br\/index.php?rest_route=\/wp\/v2\/pages\/2052","targetHints":{"allow":["GET"]}}],"collection":[{"href":"https:\/\/divemore.com.br\/index.php?rest_route=\/wp\/v2\/pages"}],"about":[{"href":"https:\/\/divemore.com.br\/index.php?rest_route=\/wp\/v2\/types\/page"}],"author":[{"embeddable":true,"href":"https:\/\/divemore.com.br\/index.php?rest_route=\/wp\/v2\/users\/1"}],"replies":[{"embeddable":true,"href":"https:\/\/divemore.com.br\/index.php?rest_route=%2Fwp%2Fv2%2Fcomments&post=2052"}],"version-history":[{"count":1,"href":"https:\/\/divemore.com.br\/index.php?rest_route=\/wp\/v2\/pages\/2052\/revisions"}],"predecessor-version":[{"id":2053,"href":"https:\/\/divemore.com.br\/index.php?rest_route=\/wp\/v2\/pages\/2052\/revisions\/2053"}],"wp:attachment":[{"href":"https:\/\/divemore.com.br\/index.php?rest_route=%2Fwp%2Fv2%2Fmedia&parent=2052"}],"curies":[{"name":"wp","href":"https:\/\/api.w.org\/{rel}","templated":true}]}}