{"id":1610,"date":"2021-06-22T13:55:19","date_gmt":"2021-06-22T16:55:19","guid":{"rendered":"http:\/\/divemore.com.br\/?page_id=1610"},"modified":"2021-06-22T14:15:14","modified_gmt":"2021-06-22T17:15:14","slug":"equipamentos-mares","status":"publish","type":"page","link":"https:\/\/divemore.com.br\/?page_id=1610","title":{"rendered":"EQUIPAMENTOS MARES"},"content":{"rendered":"\n<p>Acesse todo o portf\u00f3lio de produtos Mares com condi\u00e7\u00f5es especiais clicando na imagem abaixo. Produtos com nota fiscal, garantia e assist\u00eancia no Brasil.<\/p>\n\n\n\n<p>Para garantir as melhores condi\u00e7\u00f5es, nossa consultoria e acompanhamento certifique-se de estar dentro do espa\u00e7o DIVEMORE   e entre em contato antes de efetuar sua compra.<\/p>\n\n\n\n<div class=\"wp-block-image\"><figure class=\"aligncenter size-large is-resized\"><a href=\"https:\/\/www.maresbrasil.com.br\/divemore?tracking=divemore\"><img fetchpriority=\"high\" decoding=\"async\" src=\"http:\/\/divemore.com.br\/wp-content\/uploads\/2021\/06\/Divemore-Mares.png\" alt=\"\" class=\"wp-image-1611\" width=\"714\" height=\"613\" srcset=\"https:\/\/divemore.com.br\/wp-content\/uploads\/2021\/06\/Divemore-Mares.png 436w, https:\/\/divemore.com.br\/wp-content\/uploads\/2021\/06\/Divemore-Mares-300x257.png 300w, https:\/\/divemore.com.br\/wp-content\/uploads\/2021\/06\/Divemore-Mares-70x60.png 70w, https:\/\/divemore.com.br\/wp-content\/uploads\/2021\/06\/Divemore-Mares-105x90.png 105w\" sizes=\"(max-width: 714px) 100vw, 714px\" \/><\/a><figcaption><strong>CLICK NA IMAGEM<\/strong><\/figcaption><\/figure><\/div>\n","protected":false},"excerpt":{"rendered":"<p>Acesse todo o portf\u00f3lio de produtos Mares com condi\u00e7\u00f5es especiais clicando na imagem abaixo. Produtos com nota fiscal, garantia e assist\u00eancia no Brasil. Para garantir as melhores condi\u00e7\u00f5es, nossa consultoria<\/p>\n","protected":false},"author":1,"featured_media":0,"parent":0,"menu_order":0,"comment_status":"closed","ping_status":"closed","template":"","meta":{"footnotes":""},"class_list":{"1":"page","2":"type-page","3":"status-publish","4":"hentry"},"jetpack_sharing_enabled":true,"_links":{"self":[{"href":"https:\/\/divemore.com.br\/index.php?rest_route=\/wp\/v2\/pages\/1610","targetHints":{"allow":["GET"]}}],"collection":[{"href":"https:\/\/divemore.com.br\/index.php?rest_route=\/wp\/v2\/pages"}],"about":[{"href":"https:\/\/divemore.com.br\/index.php?rest_route=\/wp\/v2\/types\/page"}],"author":[{"embeddable":true,"href":"https:\/\/divemore.com.br\/index.php?rest_route=\/wp\/v2\/users\/1"}],"replies":[{"embeddable":true,"href":"https:\/\/divemore.com.br\/index.php?rest_route=%2Fwp%2Fv2%2Fcomments&post=1610"}],"version-history":[{"count":6,"href":"https:\/\/divemore.com.br\/index.php?rest_route=\/wp\/v2\/pages\/1610\/revisions"}],"predecessor-version":[{"id":1619,"href":"https:\/\/divemore.com.br\/index.php?rest_route=\/wp\/v2\/pages\/1610\/revisions\/1619"}],"wp:attachment":[{"href":"https:\/\/divemore.com.br\/index.php?rest_route=%2Fwp%2Fv2%2Fmedia&parent=1610"}],"curies":[{"name":"wp","href":"https:\/\/api.w.org\/{rel}","templated":true}]}}