{"id":1443,"date":"2021-03-12T12:11:04","date_gmt":"2021-03-12T15:11:04","guid":{"rendered":"http:\/\/divemore.com.br\/?page_id=1443"},"modified":"2021-03-12T14:29:25","modified_gmt":"2021-03-12T17:29:25","slug":"ninja","status":"publish","type":"page","link":"https:\/\/divemore.com.br\/?page_id=1443","title":{"rendered":"NINJA"},"content":{"rendered":"\n<p>Lancha Fishing 28 p\u00e9s<\/p>\n\n\n\n<p>Salvatagem Completa<\/p>\n\n\n\n<p>Equipada com dois motores Evirunde de 225 HP<\/p>\n\n\n\n<p>Equipamento de navega\u00e7\u00e3o completo (Sonar, GPS, Carta N\u00e1utica, e Fishfinder)<\/p>\n\n\n\n<p>Acompanha Marinheiro<\/p>\n\n\n\n<p>Ocupa\u00e7\u00e3o para at\u00e9 7 + 1 pessoas<\/p>\n\n\n\n<p>Ampla pra\u00e7a de popa e proa com churrasqueira, som multimidea com bluetooth, toldo retr\u00e1til e estendido na popa, viveiro e tapete emborrachado externo e interno<\/p>\n\n\n\n<p>Cabine com cama de casal, que pode ser convertida em mesa e banco, cozinha com pia, microondas e frigobar. Banheiro, Tv 32 e tomadas 110V  e 12 V<\/p>\n\n\n\n<p><\/p>\n\n\n\n<div class=\"wp-block-image\"><figure class=\"aligncenter size-large is-resized\"><a href=\"https:\/\/www.instagram.com\/p\/CMU7iv5BiHH\/?utm_source=ig_web_copy_link\"><img fetchpriority=\"high\" decoding=\"async\" src=\"http:\/\/divemore.com.br\/wp-content\/uploads\/2021\/03\/Ninja-lateral.png\" alt=\"\" class=\"wp-image-1439\" width=\"410\" height=\"280\" srcset=\"https:\/\/divemore.com.br\/wp-content\/uploads\/2021\/03\/Ninja-lateral.png 751w, https:\/\/divemore.com.br\/wp-content\/uploads\/2021\/03\/Ninja-lateral-300x205.png 300w, https:\/\/divemore.com.br\/wp-content\/uploads\/2021\/03\/Ninja-lateral-600x411.png 600w\" sizes=\"(max-width: 410px) 100vw, 410px\" \/><\/a><figcaption><strong>Clique na imagem para ver o v\u00eddeo do interior<\/strong><\/figcaption><\/figure><\/div>\n\n\n\n<p><strong>(48) 99102 8084<\/strong><\/p>\n\n\n\n<p><strong>alessandro@divemore.com.br<\/strong><\/p>\n\n\n\n<p><\/p>\n","protected":false},"excerpt":{"rendered":"<p>Lancha Fishing 28 p\u00e9s Salvatagem Completa Equipada com dois motores Evirunde de 225 HP Equipamento de navega\u00e7\u00e3o completo (Sonar, GPS, Carta N\u00e1utica, e Fishfinder) Acompanha Marinheiro Ocupa\u00e7\u00e3o para at\u00e9 7<\/p>\n","protected":false},"author":1,"featured_media":1439,"parent":0,"menu_order":0,"comment_status":"closed","ping_status":"closed","template":"","meta":{"footnotes":""},"class_list":{"0":"post-1443","1":"page","2":"type-page","3":"status-publish","5":"hentry"},"jetpack_sharing_enabled":true,"_links":{"self":[{"href":"https:\/\/divemore.com.br\/index.php?rest_route=\/wp\/v2\/pages\/1443","targetHints":{"allow":["GET"]}}],"collection":[{"href":"https:\/\/divemore.com.br\/index.php?rest_route=\/wp\/v2\/pages"}],"about":[{"href":"https:\/\/divemore.com.br\/index.php?rest_route=\/wp\/v2\/types\/page"}],"author":[{"embeddable":true,"href":"https:\/\/divemore.com.br\/index.php?rest_route=\/wp\/v2\/users\/1"}],"replies":[{"embeddable":true,"href":"https:\/\/divemore.com.br\/index.php?rest_route=%2Fwp%2Fv2%2Fcomments&post=1443"}],"version-history":[{"count":11,"href":"https:\/\/divemore.com.br\/index.php?rest_route=\/wp\/v2\/pages\/1443\/revisions"}],"predecessor-version":[{"id":1462,"href":"https:\/\/divemore.com.br\/index.php?rest_route=\/wp\/v2\/pages\/1443\/revisions\/1462"}],"wp:featuredmedia":[{"embeddable":true,"href":"https:\/\/divemore.com.br\/index.php?rest_route=\/wp\/v2\/media\/1439"}],"wp:attachment":[{"href":"https:\/\/divemore.com.br\/index.php?rest_route=%2Fwp%2Fv2%2Fmedia&parent=1443"}],"curies":[{"name":"wp","href":"https:\/\/api.w.org\/{rel}","templated":true}]}}