{"id":1411,"date":"2021-03-11T18:38:14","date_gmt":"2021-03-11T21:38:14","guid":{"rendered":"http:\/\/divemore.com.br\/?page_id=1411"},"modified":"2024-05-14T16:22:30","modified_gmt":"2024-05-14T19:22:30","slug":"transporte-de-embarcacoes","status":"publish","type":"page","link":"https:\/\/divemore.com.br\/?page_id=1411","title":{"rendered":"TRANSPORTE DE EMBARCA\u00c7\u00d5ES"},"content":{"rendered":"\n<h1 class=\"wp-block-heading\">Transporte de Embarca\u00e7\u00e3o<\/h1>\n\n\n\n<p>Para quem precisa transportar a embarca\u00e7\u00e3o por meio mar\u00edtimo em longas ou pequenas dist\u00e2ncias.<\/p>\n\n\n\n<p>Dispomos de  Marinheiros credenciados na Marinha do Brasil e com grande experi\u00eancia em navega\u00e7\u00e3o, os quais far\u00e3o o transporte com total seguran\u00e7a e credibilidade.<\/p>\n\n\n\n<p><strong>alessandro@divemore.com.br<\/strong><\/p>\n\n\n\n<p><strong>(48) 99102 8084<\/strong><\/p>\n","protected":false},"excerpt":{"rendered":"<p>Transporte de Embarca\u00e7\u00e3o Para quem precisa transportar a embarca\u00e7\u00e3o por meio mar\u00edtimo em longas ou pequenas dist\u00e2ncias. Dispomos de Marinheiros credenciados na Marinha do Brasil e com grande experi\u00eancia em<\/p>\n","protected":false},"author":1,"featured_media":0,"parent":0,"menu_order":0,"comment_status":"closed","ping_status":"closed","template":"","meta":{"footnotes":""},"class_list":{"1":"page","2":"type-page","3":"status-publish","4":"hentry"},"jetpack_sharing_enabled":true,"_links":{"self":[{"href":"https:\/\/divemore.com.br\/index.php?rest_route=\/wp\/v2\/pages\/1411","targetHints":{"allow":["GET"]}}],"collection":[{"href":"https:\/\/divemore.com.br\/index.php?rest_route=\/wp\/v2\/pages"}],"about":[{"href":"https:\/\/divemore.com.br\/index.php?rest_route=\/wp\/v2\/types\/page"}],"author":[{"embeddable":true,"href":"https:\/\/divemore.com.br\/index.php?rest_route=\/wp\/v2\/users\/1"}],"replies":[{"embeddable":true,"href":"https:\/\/divemore.com.br\/index.php?rest_route=%2Fwp%2Fv2%2Fcomments&post=1411"}],"version-history":[{"count":7,"href":"https:\/\/divemore.com.br\/index.php?rest_route=\/wp\/v2\/pages\/1411\/revisions"}],"predecessor-version":[{"id":2008,"href":"https:\/\/divemore.com.br\/index.php?rest_route=\/wp\/v2\/pages\/1411\/revisions\/2008"}],"wp:attachment":[{"href":"https:\/\/divemore.com.br\/index.php?rest_route=%2Fwp%2Fv2%2Fmedia&parent=1411"}],"curies":[{"name":"wp","href":"https:\/\/api.w.org\/{rel}","templated":true}]}}