{"id":1408,"date":"2021-03-11T18:38:14","date_gmt":"2021-03-11T21:38:14","guid":{"rendered":"http:\/\/divemore.com.br\/?page_id=1408"},"modified":"2021-03-11T20:06:29","modified_gmt":"2021-03-11T23:06:29","slug":"arrais-amador","status":"publish","type":"page","link":"https:\/\/divemore.com.br\/?page_id=1408","title":{"rendered":"ARRAIS AMADOR"},"content":{"rendered":"\n<h1 class=\"wp-block-heading\">Arrais Amador<\/h1>\n\n\n\n<p>Curso preparat\u00f3rio para Arrais Amador, que contempla todos os itens obrigat\u00f3rios exigidos pela NORMAM.<\/p>\n\n\n\n<p>Ministrado em 2 dias ou mais, de acordo com a disponibilidade da estrutura e\/ou alunos, com intuito do aluno estar apto \u00e0 realiza\u00e7\u00e3o da prova de credenciamento junto a Marinha do Brasil.<\/p>\n\n\n\n<p> Cronograma:<\/p>\n\n\n\n<p> 1\u00ba dia: aula te\u00f3rica (6\/8 h) -Onde o aluno \u00e9 apresentado aos v\u00e1rios temas que v\u00e3o desde o reconhecimento da embarca\u00e7\u00e3o, suas partes, sistemas, manobras, seguran\u00e7a, normas e outros temas, preparando-o para o dia-a-dia embarcado.<\/p>\n\n\n\n<p>2\u00ba dia: pr\u00e1tica embarcada (6 h) &#8211; O aluno estar\u00e1 em contato com a embarca\u00e7\u00e3o, e ter\u00e1 toda a revis\u00e3o de parte te\u00f3rica da aula anterior.<\/p>\n\n\n\n<p>Caso o aluno n\u00e3o se sinta confort\u00e1vel ap\u00f3s essas aulas, pode agendar refor\u00e7o, sem nenhum custo, at\u00e9 que esteja tranquilo para realizar todas as atividades do treinamento.<\/p>\n\n\n\n<p><strong>alessandro@divemore.com.br<\/strong><\/p>\n\n\n\n<p><strong>(48) 99102 8084<\/strong><\/p>\n","protected":false},"excerpt":{"rendered":"<p>Arrais Amador Curso preparat\u00f3rio para Arrais Amador, que contempla todos os itens obrigat\u00f3rios exigidos pela NORMAM. Ministrado em 2 dias ou mais, de acordo com a disponibilidade da estrutura e\/ou<\/p>\n","protected":false},"author":1,"featured_media":1435,"parent":0,"menu_order":0,"comment_status":"closed","ping_status":"closed","template":"","meta":{"footnotes":""},"class_list":{"0":"post-1408","1":"page","2":"type-page","3":"status-publish","5":"hentry"},"jetpack_sharing_enabled":true,"_links":{"self":[{"href":"https:\/\/divemore.com.br\/index.php?rest_route=\/wp\/v2\/pages\/1408","targetHints":{"allow":["GET"]}}],"collection":[{"href":"https:\/\/divemore.com.br\/index.php?rest_route=\/wp\/v2\/pages"}],"about":[{"href":"https:\/\/divemore.com.br\/index.php?rest_route=\/wp\/v2\/types\/page"}],"author":[{"embeddable":true,"href":"https:\/\/divemore.com.br\/index.php?rest_route=\/wp\/v2\/users\/1"}],"replies":[{"embeddable":true,"href":"https:\/\/divemore.com.br\/index.php?rest_route=%2Fwp%2Fv2%2Fcomments&post=1408"}],"version-history":[{"count":4,"href":"https:\/\/divemore.com.br\/index.php?rest_route=\/wp\/v2\/pages\/1408\/revisions"}],"predecessor-version":[{"id":1428,"href":"https:\/\/divemore.com.br\/index.php?rest_route=\/wp\/v2\/pages\/1408\/revisions\/1428"}],"wp:featuredmedia":[{"embeddable":true,"href":"https:\/\/divemore.com.br\/index.php?rest_route=\/wp\/v2\/media\/1435"}],"wp:attachment":[{"href":"https:\/\/divemore.com.br\/index.php?rest_route=%2Fwp%2Fv2%2Fmedia&parent=1408"}],"curies":[{"name":"wp","href":"https:\/\/api.w.org\/{rel}","templated":true}]}}