{"id":1398,"date":"2021-03-11T18:18:29","date_gmt":"2021-03-11T21:18:29","guid":{"rendered":"http:\/\/divemore.com.br\/?page_id=1398"},"modified":"2024-08-12T18:47:38","modified_gmt":"2024-08-12T21:47:38","slug":"aluguel-de-lanchas","status":"publish","type":"page","link":"https:\/\/divemore.com.br\/?page_id=1398","title":{"rendered":"ALUGUEL LANCHAS E EMBARCA\u00c7\u00d5ES"},"content":{"rendered":"\n<p>Trabalhamos apenas com embarca\u00e7\u00f5es que atendem todas as normas de seguran\u00e7a  e est\u00e3o em perfeito estado de manuten\u00e7\u00e3o. Seus respectivos marinheiros s\u00e3o profissionais devidamente habilitados e com experi\u00eancia comprovada.<\/p>\n\n\n\n<p>Lanchas dispon\u00edveis para passeios e pesca, diversos roteiros e possibilidades. Entre em contato conosco que teremos satisfa\u00e7\u00e3o em atender suas necessidades, superando suas expectativas.<\/p>\n\n\n\n<p>Veja abaixo algumas lanchas dispon\u00edveis.<\/p>\n\n\n\n<p><\/p>\n\n\n<div class=\"wp-block-image is-resized\">\n<figure class=\"aligncenter size-large\"><img fetchpriority=\"high\" decoding=\"async\" width=\"1024\" height=\"472\" src=\"http:\/\/divemore.com.br\/wp-content\/uploads\/2021\/03\/Cultura-2-1024x472.jpeg\" alt=\"\" class=\"wp-image-1495\" srcset=\"https:\/\/divemore.com.br\/wp-content\/uploads\/2021\/03\/Cultura-2-1024x472.jpeg 1024w, https:\/\/divemore.com.br\/wp-content\/uploads\/2021\/03\/Cultura-2-300x138.jpeg 300w, https:\/\/divemore.com.br\/wp-content\/uploads\/2021\/03\/Cultura-2-768x354.jpeg 768w, https:\/\/divemore.com.br\/wp-content\/uploads\/2021\/03\/Cultura-2-600x277.jpeg 600w, https:\/\/divemore.com.br\/wp-content\/uploads\/2021\/03\/Cultura-2.jpeg 1280w\" sizes=\"(max-width: 1024px) 100vw, 1024px\" \/><\/figure><\/div>\n\n\n<div class=\"wp-block-buttons is-content-justification-center is-layout-flex wp-container-core-buttons-is-layout-16018d1d wp-block-buttons-is-layout-flex\">\n<div class=\"wp-block-button\"><a class=\"wp-block-button__link wp-element-button\" href=\"http:\/\/divemore.com.br\/?page_id=1499\">VER MAIS<\/a><\/div>\n<\/div>\n\n\n<div class=\"wp-block-image is-resized\">\n<figure class=\"aligncenter size-large\"><img decoding=\"async\" width=\"751\" height=\"514\" src=\"http:\/\/divemore.com.br\/wp-content\/uploads\/2021\/03\/Ninja-lateral.png\" alt=\"\" class=\"wp-image-1439\" style=\"width:843px;height:auto\" srcset=\"https:\/\/divemore.com.br\/wp-content\/uploads\/2021\/03\/Ninja-lateral.png 751w, https:\/\/divemore.com.br\/wp-content\/uploads\/2021\/03\/Ninja-lateral-300x205.png 300w, https:\/\/divemore.com.br\/wp-content\/uploads\/2021\/03\/Ninja-lateral-600x411.png 600w\" sizes=\"(max-width: 751px) 100vw, 751px\" \/><\/figure><\/div>\n\n\n<div class=\"wp-block-buttons is-content-justification-center is-layout-flex wp-container-core-buttons-is-layout-16018d1d wp-block-buttons-is-layout-flex\">\n<div class=\"wp-block-button\"><a class=\"wp-block-button__link wp-element-button\" href=\"http:\/\/divemore.com.br\/?page_id=1443\">VER MAIS<\/a><\/div>\n<\/div>\n\n\n\n<p><\/p>\n\n\n\n<figure class=\"wp-block-image size-large is-resized\"><img decoding=\"async\" width=\"966\" height=\"1024\" src=\"https:\/\/divemore.com.br\/wp-content\/uploads\/2024\/07\/PSX_20240705_132053-6-966x1024.jpg\" alt=\"\" class=\"wp-image-2107\" style=\"width:808px;height:auto\" srcset=\"https:\/\/divemore.com.br\/wp-content\/uploads\/2024\/07\/PSX_20240705_132053-6-966x1024.jpg 966w, https:\/\/divemore.com.br\/wp-content\/uploads\/2024\/07\/PSX_20240705_132053-6-283x300.jpg 283w, https:\/\/divemore.com.br\/wp-content\/uploads\/2024\/07\/PSX_20240705_132053-6-768x814.jpg 768w, https:\/\/divemore.com.br\/wp-content\/uploads\/2024\/07\/PSX_20240705_132053-6-1449x1536.jpg 1449w, https:\/\/divemore.com.br\/wp-content\/uploads\/2024\/07\/PSX_20240705_132053-6-1931x2048.jpg 1931w, https:\/\/divemore.com.br\/wp-content\/uploads\/2024\/07\/PSX_20240705_132053-6-600x636.jpg 600w\" sizes=\"(max-width: 966px) 100vw, 966px\" \/><\/figure>\n\n\n\n<div class=\"wp-block-buttons is-content-justification-center is-layout-flex wp-container-core-buttons-is-layout-16018d1d wp-block-buttons-is-layout-flex\">\n<div class=\"wp-block-button is-style-fill\"><a class=\"wp-block-button__link has-text-align-center wp-element-button\" href=\"http:\/\/divemore.com.br\/?page_id=2094\">VER MAIS<\/a><\/div>\n<\/div>\n\n\n\n<figure class=\"wp-block-image size-large is-resized\"><img loading=\"lazy\" decoding=\"async\" width=\"1024\" height=\"576\" src=\"https:\/\/divemore.com.br\/wp-content\/uploads\/2024\/08\/lateral-1-1024x576.jpeg\" alt=\"\" class=\"wp-image-2136\" style=\"width:809px;height:auto\" srcset=\"https:\/\/divemore.com.br\/wp-content\/uploads\/2024\/08\/lateral-1-1024x576.jpeg 1024w, https:\/\/divemore.com.br\/wp-content\/uploads\/2024\/08\/lateral-1-300x169.jpeg 300w, https:\/\/divemore.com.br\/wp-content\/uploads\/2024\/08\/lateral-1-768x432.jpeg 768w, https:\/\/divemore.com.br\/wp-content\/uploads\/2024\/08\/lateral-1-1536x864.jpeg 1536w, https:\/\/divemore.com.br\/wp-content\/uploads\/2024\/08\/lateral-1-800x450.jpeg 800w, https:\/\/divemore.com.br\/wp-content\/uploads\/2024\/08\/lateral-1-600x338.jpeg 600w, https:\/\/divemore.com.br\/wp-content\/uploads\/2024\/08\/lateral-1.jpeg 1600w\" sizes=\"(max-width: 1024px) 100vw, 1024px\" \/><\/figure>\n\n\n\n<div class=\"wp-block-buttons is-content-justification-center is-layout-flex wp-container-core-buttons-is-layout-16018d1d wp-block-buttons-is-layout-flex\">\n<div class=\"wp-block-button is-style-fill\"><a class=\"wp-block-button__link has-text-align-center wp-element-button\" href=\"https:\/\/divemore.com.br\/?page_id=2129\">VER MAIS<\/a><\/div>\n<\/div>\n\n\n\n<figure class=\"wp-block-image size-large is-resized\"><img loading=\"lazy\" decoding=\"async\" width=\"785\" height=\"1024\" src=\"http:\/\/divemore.com.br\/wp-content\/uploads\/2024\/05\/bombordo-ajustada-785x1024.jpeg\" alt=\"\" class=\"wp-image-2006\" style=\"width:810px;height:auto\" srcset=\"https:\/\/divemore.com.br\/wp-content\/uploads\/2024\/05\/bombordo-ajustada-785x1024.jpeg 785w, https:\/\/divemore.com.br\/wp-content\/uploads\/2024\/05\/bombordo-ajustada-230x300.jpeg 230w, https:\/\/divemore.com.br\/wp-content\/uploads\/2024\/05\/bombordo-ajustada-768x1002.jpeg 768w, https:\/\/divemore.com.br\/wp-content\/uploads\/2024\/05\/bombordo-ajustada-600x783.jpeg 600w, https:\/\/divemore.com.br\/wp-content\/uploads\/2024\/05\/bombordo-ajustada.jpeg 897w\" sizes=\"(max-width: 785px) 100vw, 785px\" \/><\/figure>\n\n\n\n<div class=\"wp-block-buttons is-content-justification-center is-layout-flex wp-container-core-buttons-is-layout-16018d1d wp-block-buttons-is-layout-flex\">\n<div class=\"wp-block-button is-style-fill\"><a class=\"wp-block-button__link has-text-align-center wp-element-button\" href=\"https:\/\/divemore.com.br\/?page_id=2014\" target=\"_blank\" rel=\"noreferrer noopener\">VER MAIS<\/a><\/div>\n<\/div>\n","protected":false},"excerpt":{"rendered":"<p>Trabalhamos apenas com embarca\u00e7\u00f5es que atendem todas as normas de seguran\u00e7a e est\u00e3o em perfeito estado de manuten\u00e7\u00e3o. Seus respectivos marinheiros s\u00e3o profissionais devidamente habilitados e com experi\u00eancia comprovada. Lanchas<\/p>\n","protected":false},"author":1,"featured_media":0,"parent":0,"menu_order":0,"comment_status":"closed","ping_status":"closed","template":"","meta":{"footnotes":""},"class_list":{"1":"page","2":"type-page","3":"status-publish","4":"hentry"},"jetpack_sharing_enabled":true,"_links":{"self":[{"href":"https:\/\/divemore.com.br\/index.php?rest_route=\/wp\/v2\/pages\/1398","targetHints":{"allow":["GET"]}}],"collection":[{"href":"https:\/\/divemore.com.br\/index.php?rest_route=\/wp\/v2\/pages"}],"about":[{"href":"https:\/\/divemore.com.br\/index.php?rest_route=\/wp\/v2\/types\/page"}],"author":[{"embeddable":true,"href":"https:\/\/divemore.com.br\/index.php?rest_route=\/wp\/v2\/users\/1"}],"replies":[{"embeddable":true,"href":"https:\/\/divemore.com.br\/index.php?rest_route=%2Fwp%2Fv2%2Fcomments&post=1398"}],"version-history":[{"count":16,"href":"https:\/\/divemore.com.br\/index.php?rest_route=\/wp\/v2\/pages\/1398\/revisions"}],"predecessor-version":[{"id":2138,"href":"https:\/\/divemore.com.br\/index.php?rest_route=\/wp\/v2\/pages\/1398\/revisions\/2138"}],"wp:attachment":[{"href":"https:\/\/divemore.com.br\/index.php?rest_route=%2Fwp%2Fv2%2Fmedia&parent=1398"}],"curies":[{"name":"wp","href":"https:\/\/api.w.org\/{rel}","templated":true}]}}