{"id":1352,"date":"2021-02-04T19:44:37","date_gmt":"2021-02-04T22:44:37","guid":{"rendered":"http:\/\/divemore.com.br\/?page_id=1352"},"modified":"2024-11-27T11:05:21","modified_gmt":"2024-11-27T14:05:21","slug":"batismo-de-mergulho","status":"publish","type":"page","link":"https:\/\/divemore.com.br\/?page_id=1352","title":{"rendered":"BATISMO DE MERGULHO"},"content":{"rendered":"\n<figure class=\"wp-block-image size-large\"><img fetchpriority=\"high\" decoding=\"async\" width=\"1024\" height=\"1024\" src=\"http:\/\/divemore.com.br\/wp-content\/uploads\/2022\/03\/image-1024x1024.png\" alt=\"\" class=\"wp-image-1729\" srcset=\"https:\/\/divemore.com.br\/wp-content\/uploads\/2022\/03\/image-1024x1024.png 1024w, https:\/\/divemore.com.br\/wp-content\/uploads\/2022\/03\/image-300x300.png 300w, https:\/\/divemore.com.br\/wp-content\/uploads\/2022\/03\/image-150x150.png 150w, https:\/\/divemore.com.br\/wp-content\/uploads\/2022\/03\/image-768x768.png 768w, https:\/\/divemore.com.br\/wp-content\/uploads\/2022\/03\/image-600x600.png 600w, https:\/\/divemore.com.br\/wp-content\/uploads\/2022\/03\/image-100x100.png 100w, https:\/\/divemore.com.br\/wp-content\/uploads\/2022\/03\/image-60x60.png 60w, https:\/\/divemore.com.br\/wp-content\/uploads\/2022\/03\/image-90x90.png 90w, https:\/\/divemore.com.br\/wp-content\/uploads\/2022\/03\/image.png 1181w\" sizes=\"(max-width: 1024px) 100vw, 1024px\" \/><\/figure>\n\n\n\n<p><strong>Experi\u00eancia especialmente concebida para n\u00e3o credenciados que querem descobrir as maravilhas do mundo subaqu\u00e1tico!<\/strong><\/p>\n\n\n\n<p>\u2022 N\u00e3o \u00e9 necess\u00e1rio treinamento ou experi\u00eancia pr\u00e9via de mergulho;<\/p>\n\n\n\n<p>\u2022 Seu instrutor, um por cliente durante o mergulho, vai cuidar de tudo para voc\u00ea;<\/p>\n\n\n\n<p>\u2022 Sa\u00edda em barco, especialmente adaptado para seu conforto e seguran\u00e7a;<\/p>\n\n\n\n<p>\u2022 Equipamentos dos melhores fabricantes mundiais;<\/p>\n\n\n\n<p>\u2022Instrutor&nbsp; experiente e apaixonado pela atividade;<\/p>\n\n\n\n<p>\u2022 Divers\u00e3o garantida com atendimento personalizado e muita seguran\u00e7a.<\/p>\n\n\n\n<div class=\"wp-block-jetpack-tiled-gallery aligncenter is-style-square\"><div class=\"tiled-gallery__gallery\"><div class=\"tiled-gallery__row columns-2\"><div class=\"tiled-gallery__col\"><figure class=\"tiled-gallery__item\"><img decoding=\"async\" srcset=\"https:\/\/i2.wp.com\/divemore.com.br\/wp-content\/uploads\/2021\/02\/Luca-1.jpeg?resize=600,600&#038;strip=info 600w,https:\/\/i2.wp.com\/divemore.com.br\/wp-content\/uploads\/2021\/02\/Luca-1.jpeg?resize=900,900&#038;strip=info 900w,https:\/\/i2.wp.com\/divemore.com.br\/wp-content\/uploads\/2021\/02\/Luca-1.jpeg?resize=1059,1059&#038;strip=info 1059w\" alt=\"\" data-height=\"1073\" data-id=\"1369\" data-link=\"http:\/\/divemore.com.br\/?attachment_id=1369\" data-url=\"http:\/\/divemore.com.br\/wp-content\/uploads\/2021\/02\/Luca-1.jpeg\" data-width=\"1059\" src=\"https:\/\/i2.wp.com\/divemore.com.br\/wp-content\/uploads\/2021\/02\/Luca-1.jpeg?resize=1059%2C1059\" layout=\"responsive\"\/><\/figure><\/div><div class=\"tiled-gallery__col\"><figure class=\"tiled-gallery__item\"><img decoding=\"async\" srcset=\"https:\/\/i2.wp.com\/divemore.com.br\/wp-content\/uploads\/2022\/03\/PSX_20211210_203331.jpg?resize=600,600&#038;strip=info 600w,https:\/\/i2.wp.com\/divemore.com.br\/wp-content\/uploads\/2022\/03\/PSX_20211210_203331.jpg?resize=900,900&#038;strip=info 900w,https:\/\/i2.wp.com\/divemore.com.br\/wp-content\/uploads\/2022\/03\/PSX_20211210_203331.jpg?resize=1080,1080&#038;strip=info 1080w\" alt=\"\" data-height=\"1080\" data-id=\"1742\" data-link=\"http:\/\/divemore.com.br\/?attachment_id=1742\" data-url=\"http:\/\/divemore.com.br\/wp-content\/uploads\/2022\/03\/PSX_20211210_203331.jpg\" data-width=\"1920\" src=\"https:\/\/i2.wp.com\/divemore.com.br\/wp-content\/uploads\/2022\/03\/PSX_20211210_203331.jpg?resize=1080%2C1080\" layout=\"responsive\"\/><\/figure><\/div><\/div><\/div><\/div>\n\n\n\n<div class=\"wp-block-jetpack-tiled-gallery aligncenter is-style-square\"><div class=\"tiled-gallery__gallery\"><div class=\"tiled-gallery__row columns-2\"><div class=\"tiled-gallery__col\"><figure class=\"tiled-gallery__item\"><img decoding=\"async\" srcset=\"https:\/\/i2.wp.com\/divemore.com.br\/wp-content\/uploads\/2022\/03\/PSX_20220214_115645.jpg?resize=600,600&#038;strip=info 600w,https:\/\/i2.wp.com\/divemore.com.br\/wp-content\/uploads\/2022\/03\/PSX_20220214_115645.jpg?resize=900,900&#038;strip=info 900w,https:\/\/i2.wp.com\/divemore.com.br\/wp-content\/uploads\/2022\/03\/PSX_20220214_115645.jpg?resize=1080,1080&#038;strip=info 1080w\" alt=\"\" data-height=\"1080\" data-id=\"1784\" data-link=\"http:\/\/divemore.com.br\/?attachment_id=1784\" data-url=\"http:\/\/divemore.com.br\/wp-content\/uploads\/2022\/03\/PSX_20220214_115645.jpg\" data-width=\"1920\" src=\"https:\/\/i2.wp.com\/divemore.com.br\/wp-content\/uploads\/2022\/03\/PSX_20220214_115645.jpg?resize=1080%2C1080\" layout=\"responsive\"\/><\/figure><\/div><div class=\"tiled-gallery__col\"><figure class=\"tiled-gallery__item\"><img decoding=\"async\" srcset=\"https:\/\/i1.wp.com\/divemore.com.br\/wp-content\/uploads\/2021\/02\/Bat-2.jpeg?resize=600,600&#038;strip=info 600w,https:\/\/i1.wp.com\/divemore.com.br\/wp-content\/uploads\/2021\/02\/Bat-2.jpeg?resize=712,712&#038;strip=info 712w\" alt=\"\" data-height=\"712\" data-id=\"1372\" data-link=\"http:\/\/divemore.com.br\/?attachment_id=1372\" data-url=\"http:\/\/divemore.com.br\/wp-content\/uploads\/2021\/02\/Bat-2.jpeg\" data-width=\"1072\" src=\"https:\/\/i1.wp.com\/divemore.com.br\/wp-content\/uploads\/2021\/02\/Bat-2.jpeg?resize=712%2C712\" layout=\"responsive\"\/><\/figure><\/div><\/div><\/div><\/div>\n\n\n\n<p>\u2022Para inscrever-se para uma experi\u00eancia voc\u00ea deve ter pelo menos 10 anos de idade;<\/p>\n\n\n\n<p>\u2022Nenhuma experi\u00eancia pr\u00e9via com o mergulho \u00e9 necess\u00e1ria, mas voc\u00ea precisa ter boa sa\u00fade;<\/p>\n\n\n\n<p>\u2022Nenhum equipamento \u00e9 necess\u00e1rio \u2013 tudo \u00e9 fornecido.<\/p>\n\n\n\n<p><strong>Experimente! Mergulhar vai mudar sua vida!<\/strong><\/p>\n\n\n\n<div class=\"wp-block-jetpack-tiled-gallery aligncenter is-style-square\"><div class=\"tiled-gallery__gallery\"><div class=\"tiled-gallery__row columns-2\"><div class=\"tiled-gallery__col\"><figure class=\"tiled-gallery__item\"><img decoding=\"async\" srcset=\"https:\/\/i2.wp.com\/divemore.com.br\/wp-content\/uploads\/2022\/03\/15.jpeg?resize=600,600&#038;strip=info 600w,https:\/\/i2.wp.com\/divemore.com.br\/wp-content\/uploads\/2022\/03\/15.jpeg?resize=718,718&#038;strip=info 718w\" alt=\"\" data-height=\"898\" data-id=\"1746\" data-link=\"http:\/\/divemore.com.br\/?attachment_id=1746\" data-url=\"http:\/\/divemore.com.br\/wp-content\/uploads\/2022\/03\/15.jpeg\" data-width=\"718\" src=\"https:\/\/i2.wp.com\/divemore.com.br\/wp-content\/uploads\/2022\/03\/15.jpeg?resize=718%2C718\" layout=\"responsive\"\/><\/figure><\/div><div class=\"tiled-gallery__col\"><figure class=\"tiled-gallery__item\"><img decoding=\"async\" srcset=\"https:\/\/i1.wp.com\/divemore.com.br\/wp-content\/uploads\/2022\/03\/11.jpeg?resize=368,368&#038;strip=info 368w\" alt=\"\" data-height=\"490\" data-id=\"1748\" data-link=\"http:\/\/divemore.com.br\/?attachment_id=1748\" data-url=\"http:\/\/divemore.com.br\/wp-content\/uploads\/2022\/03\/11.jpeg\" data-width=\"368\" src=\"https:\/\/i1.wp.com\/divemore.com.br\/wp-content\/uploads\/2022\/03\/11.jpeg?resize=368%2C368\" layout=\"responsive\"\/><\/figure><\/div><\/div><\/div><\/div>\n\n\n\n<p><strong>alessandro@divemore.com.br<\/strong><\/p>\n\n\n\n<p><strong>(48) 99102 8084<\/strong><\/p>\n\n\n\n<ul class=\"wp-block-social-links is-layout-flex wp-block-social-links-is-layout-flex\">\n\n\n\n\n\n<li class=\"wp-social-link wp-social-link-instagram  wp-block-social-link\"><a href=\"https:\/\/www.instagram.com\/dive.more\/\" class=\"wp-block-social-link-anchor\"><svg width=\"24\" height=\"24\" viewBox=\"0 0 24 24\" version=\"1.1\" xmlns=\"http:\/\/www.w3.org\/2000\/svg\" aria-hidden=\"true\" focusable=\"false\"><path d=\"M12,4.622c2.403,0,2.688,0.009,3.637,0.052c0.877,0.04,1.354,0.187,1.671,0.31c0.42,0.163,0.72,0.358,1.035,0.673 c0.315,0.315,0.51,0.615,0.673,1.035c0.123,0.317,0.27,0.794,0.31,1.671c0.043,0.949,0.052,1.234,0.052,3.637 s-0.009,2.688-0.052,3.637c-0.04,0.877-0.187,1.354-0.31,1.671c-0.163,0.42-0.358,0.72-0.673,1.035 c-0.315,0.315-0.615,0.51-1.035,0.673c-0.317,0.123-0.794,0.27-1.671,0.31c-0.949,0.043-1.233,0.052-3.637,0.052 s-2.688-0.009-3.637-0.052c-0.877-0.04-1.354-0.187-1.671-0.31c-0.42-0.163-0.72-0.358-1.035-0.673 c-0.315-0.315-0.51-0.615-0.673-1.035c-0.123-0.317-0.27-0.794-0.31-1.671C4.631,14.688,4.622,14.403,4.622,12 s0.009-2.688,0.052-3.637c0.04-0.877,0.187-1.354,0.31-1.671c0.163-0.42,0.358-0.72,0.673-1.035 c0.315-0.315,0.615-0.51,1.035-0.673c0.317-0.123,0.794-0.27,1.671-0.31C9.312,4.631,9.597,4.622,12,4.622 M12,3 C9.556,3,9.249,3.01,8.289,3.054C7.331,3.098,6.677,3.25,6.105,3.472C5.513,3.702,5.011,4.01,4.511,4.511 c-0.5,0.5-0.808,1.002-1.038,1.594C3.25,6.677,3.098,7.331,3.054,8.289C3.01,9.249,3,9.556,3,12c0,2.444,0.01,2.751,0.054,3.711 c0.044,0.958,0.196,1.612,0.418,2.185c0.23,0.592,0.538,1.094,1.038,1.594c0.5,0.5,1.002,0.808,1.594,1.038 c0.572,0.222,1.227,0.375,2.185,0.418C9.249,20.99,9.556,21,12,21s2.751-0.01,3.711-0.054c0.958-0.044,1.612-0.196,2.185-0.418 c0.592-0.23,1.094-0.538,1.594-1.038c0.5-0.5,0.808-1.002,1.038-1.594c0.222-0.572,0.375-1.227,0.418-2.185 C20.99,14.751,21,14.444,21,12s-0.01-2.751-0.054-3.711c-0.044-0.958-0.196-1.612-0.418-2.185c-0.23-0.592-0.538-1.094-1.038-1.594 c-0.5-0.5-1.002-0.808-1.594-1.038c-0.572-0.222-1.227-0.375-2.185-0.418C14.751,3.01,14.444,3,12,3L12,3z M12,7.378 c-2.552,0-4.622,2.069-4.622,4.622S9.448,16.622,12,16.622s4.622-2.069,4.622-4.622S14.552,7.378,12,7.378z M12,15 c-1.657,0-3-1.343-3-3s1.343-3,3-3s3,1.343,3,3S13.657,15,12,15z M16.804,6.116c-0.596,0-1.08,0.484-1.08,1.08 s0.484,1.08,1.08,1.08c0.596,0,1.08-0.484,1.08-1.08S17.401,6.116,16.804,6.116z\"><\/path><\/svg><span class=\"wp-block-social-link-label screen-reader-text\">Instagram<\/span><\/a><\/li>\n\n\n\n\n\n\n\n<li class=\"wp-social-link wp-social-link-facebook  wp-block-social-link\"><a href=\"https:\/\/www.facebook.com\/divemoremergulho\/\" class=\"wp-block-social-link-anchor\"><svg width=\"24\" height=\"24\" viewBox=\"0 0 24 24\" version=\"1.1\" xmlns=\"http:\/\/www.w3.org\/2000\/svg\" aria-hidden=\"true\" focusable=\"false\"><path d=\"M12 2C6.5 2 2 6.5 2 12c0 5 3.7 9.1 8.4 9.9v-7H7.9V12h2.5V9.8c0-2.5 1.5-3.9 3.8-3.9 1.1 0 2.2.2 2.2.2v2.5h-1.3c-1.2 0-1.6.8-1.6 1.6V12h2.8l-.4 2.9h-2.3v7C18.3 21.1 22 17 22 12c0-5.5-4.5-10-10-10z\"><\/path><\/svg><span class=\"wp-block-social-link-label screen-reader-text\">Facebook<\/span><\/a><\/li>\n\n<li class=\"wp-social-link wp-social-link-youtube  wp-block-social-link\"><a href=\"https:\/\/www.youtube.com\/channel\/UCJvXSpe2P0TiipQ6egv9NQw\/featured?view_as=subscriber\" class=\"wp-block-social-link-anchor\"><svg width=\"24\" height=\"24\" viewBox=\"0 0 24 24\" version=\"1.1\" xmlns=\"http:\/\/www.w3.org\/2000\/svg\" aria-hidden=\"true\" focusable=\"false\"><path d=\"M21.8,8.001c0,0-0.195-1.378-0.795-1.985c-0.76-0.797-1.613-0.801-2.004-0.847c-2.799-0.202-6.997-0.202-6.997-0.202 h-0.009c0,0-4.198,0-6.997,0.202C4.608,5.216,3.756,5.22,2.995,6.016C2.395,6.623,2.2,8.001,2.2,8.001S2,9.62,2,11.238v1.517 c0,1.618,0.2,3.237,0.2,3.237s0.195,1.378,0.795,1.985c0.761,0.797,1.76,0.771,2.205,0.855c1.6,0.153,6.8,0.201,6.8,0.201 s4.203-0.006,7.001-0.209c0.391-0.047,1.243-0.051,2.004-0.847c0.6-0.607,0.795-1.985,0.795-1.985s0.2-1.618,0.2-3.237v-1.517 C22,9.62,21.8,8.001,21.8,8.001z M9.935,14.594l-0.001-5.62l5.404,2.82L9.935,14.594z\"><\/path><\/svg><span class=\"wp-block-social-link-label screen-reader-text\">YouTube<\/span><\/a><\/li><\/ul>\n\n\n\n<p><\/p>\n","protected":false},"excerpt":{"rendered":"<p>Experi\u00eancia especialmente concebida para n\u00e3o credenciados que querem descobrir as maravilhas do mundo subaqu\u00e1tico! \u2022 N\u00e3o \u00e9 necess\u00e1rio treinamento ou experi\u00eancia pr\u00e9via de mergulho; \u2022 Seu instrutor, um por cliente<\/p>\n","protected":false},"author":1,"featured_media":0,"parent":0,"menu_order":0,"comment_status":"closed","ping_status":"closed","template":"","meta":{"footnotes":""},"class_list":{"1":"page","2":"type-page","3":"status-publish","4":"hentry"},"jetpack_sharing_enabled":true,"_links":{"self":[{"href":"https:\/\/divemore.com.br\/index.php?rest_route=\/wp\/v2\/pages\/1352","targetHints":{"allow":["GET"]}}],"collection":[{"href":"https:\/\/divemore.com.br\/index.php?rest_route=\/wp\/v2\/pages"}],"about":[{"href":"https:\/\/divemore.com.br\/index.php?rest_route=\/wp\/v2\/types\/page"}],"author":[{"embeddable":true,"href":"https:\/\/divemore.com.br\/index.php?rest_route=\/wp\/v2\/users\/1"}],"replies":[{"embeddable":true,"href":"https:\/\/divemore.com.br\/index.php?rest_route=%2Fwp%2Fv2%2Fcomments&post=1352"}],"version-history":[{"count":13,"href":"https:\/\/divemore.com.br\/index.php?rest_route=\/wp\/v2\/pages\/1352\/revisions"}],"predecessor-version":[{"id":2170,"href":"https:\/\/divemore.com.br\/index.php?rest_route=\/wp\/v2\/pages\/1352\/revisions\/2170"}],"wp:attachment":[{"href":"https:\/\/divemore.com.br\/index.php?rest_route=%2Fwp%2Fv2%2Fmedia&parent=1352"}],"curies":[{"name":"wp","href":"https:\/\/api.w.org\/{rel}","templated":true}]}}