{"id":130,"date":"2020-09-08T22:42:16","date_gmt":"2020-09-09T01:42:16","guid":{"rendered":"http:\/\/divemore.com.br\/?page_id=130"},"modified":"2025-11-06T18:30:09","modified_gmt":"2025-11-06T21:30:09","slug":"pagina-inicial-2","status":"publish","type":"page","link":"https:\/\/divemore.com.br\/","title":{"rendered":"HOME"},"content":{"rendered":"\n<figure class=\"wp-block-gallery has-nested-images columns-default is-cropped wp-block-gallery-1 is-layout-flex wp-block-gallery-is-layout-flex\">\n<figure class=\"wp-block-image size-large wp-block-gallery columns-1 is-cropped\"><img fetchpriority=\"high\" decoding=\"async\" width=\"1024\" height=\"576\" data-id=\"2059\" src=\"http:\/\/divemore.com.br\/wp-content\/uploads\/2024\/05\/PSX_20220305_172007-1024x576.jpg\" alt=\"\" class=\"wp-image-2059\" srcset=\"https:\/\/divemore.com.br\/wp-content\/uploads\/2024\/05\/PSX_20220305_172007-1024x576.jpg 1024w, https:\/\/divemore.com.br\/wp-content\/uploads\/2024\/05\/PSX_20220305_172007-300x169.jpg 300w, https:\/\/divemore.com.br\/wp-content\/uploads\/2024\/05\/PSX_20220305_172007-768x432.jpg 768w, https:\/\/divemore.com.br\/wp-content\/uploads\/2024\/05\/PSX_20220305_172007-1536x864.jpg 1536w, https:\/\/divemore.com.br\/wp-content\/uploads\/2024\/05\/PSX_20220305_172007-800x450.jpg 800w, https:\/\/divemore.com.br\/wp-content\/uploads\/2024\/05\/PSX_20220305_172007-600x338.jpg 600w, https:\/\/divemore.com.br\/wp-content\/uploads\/2024\/05\/PSX_20220305_172007.jpg 1920w\" sizes=\"(max-width: 1024px) 100vw, 1024px\" \/><\/figure>\n<\/figure>\n\n\n\n<p><strong>DIVEMORE: PARA QUEM QUER A MELHOR EXPERI\u00caNCIA!<\/strong><\/p>\n\n\n\n<div class=\"wp-block-group\"><div class=\"wp-block-group__inner-container is-layout-flow wp-block-group-is-layout-flow\">\n<ul class=\"wp-block-list\">\n<li>CURSOS<\/li>\n\n\n\n<li>BATISMOS DE MERGULHO<\/li>\n\n\n\n<li>MERGULHO PARA CREDENCIADOS<\/li>\n\n\n\n<li>TREINAMENTO PARA CREDENCIADOS<\/li>\n\n\n\n<li>VENDA DE EQUIPAMENTOS<\/li>\n\n\n\n<li>MANUTEN\u00c7\u00c3O DE EQUIPAMENTOS<\/li>\n\n\n\n<li>MANUTEN\u00c7\u00d5ES E INSTALA\u00c7\u00d5ES SUBMERSAS<\/li>\n\n\n\n<li>SA\u00cdDAS E VIAGENS<\/li>\n\n\n\n<li>SERVI\u00c7OS N\u00c1UTICOS<\/li>\n\n\n\n<li>ALUGUEL DE LANCHAS<\/li>\n<\/ul>\n\n\n\n<p><strong>POR QUE DIVEMORE?<\/strong><\/p>\n\n\n\n<ul class=\"wp-block-list\">\n<li>AULAS PARTICULARES<\/li>\n\n\n\n<li>MAIS DE 30 ANOS DE EXPERI\u00caNCIA<\/li>\n\n\n\n<li>MODERNA ESTRUTURA PARA SEU CONFORTO<\/li>\n\n\n\n<li>CURSOS DO N\u00cdVEL B\u00c1SICO AT\u00c9  O PROFISSIONAL<\/li>\n\n\n\n<li>TURMAS REDUZIDAS E FLEXIBILIDADE DE HOR\u00c1RIOS<\/li>\n\n\n\n<li>COMPROMISSO TOTAL COM OS CLIENTES E AMIGOS<\/li>\n\n\n\n<li>PARCERIAS COM FORNECEDORES E PRESTADORES DE SERVI\u00c7O<\/li>\n\n\n\n<li>UTILIZAMOS APENAS EQUIPAMENTOS DOS MELHORES FABRICANTES E EM PERFEITAS CONDI\u00c7\u00d5ES<\/li>\n<\/ul>\n<\/div><\/div>\n\n\n\n<figure class=\"wp-block-image size-large is-resized\"><img decoding=\"async\" width=\"768\" height=\"1024\" src=\"https:\/\/divemore.com.br\/wp-content\/uploads\/2024\/03\/frente-2-1-768x1024.jpeg\" alt=\"\" class=\"wp-image-1935\" style=\"width:839px;height:auto\" srcset=\"https:\/\/divemore.com.br\/wp-content\/uploads\/2024\/03\/frente-2-1-768x1024.jpeg 768w, https:\/\/divemore.com.br\/wp-content\/uploads\/2024\/03\/frente-2-1-225x300.jpeg 225w, https:\/\/divemore.com.br\/wp-content\/uploads\/2024\/03\/frente-2-1-1152x1536.jpeg 1152w, https:\/\/divemore.com.br\/wp-content\/uploads\/2024\/03\/frente-2-1-600x800.jpeg 600w, https:\/\/divemore.com.br\/wp-content\/uploads\/2024\/03\/frente-2-1-45x60.jpeg 45w, https:\/\/divemore.com.br\/wp-content\/uploads\/2024\/03\/frente-2-1-68x90.jpeg 68w, https:\/\/divemore.com.br\/wp-content\/uploads\/2024\/03\/frente-2-1.jpeg 1200w\" sizes=\"(max-width: 768px) 100vw, 768px\" \/><\/figure>\n\n\n\n<p><strong>Estrutura moderna e confort\u00e1vel<\/strong><\/p>\n\n\n\n<figure class=\"wp-block-image size-large is-resized\"><img decoding=\"async\" width=\"768\" height=\"1024\" src=\"http:\/\/divemore.com.br\/wp-content\/uploads\/2024\/03\/frente-ensolarada-768x1024.jpeg\" alt=\"\" class=\"wp-image-1938\" style=\"width:840px;height:auto\" srcset=\"https:\/\/divemore.com.br\/wp-content\/uploads\/2024\/03\/frente-ensolarada-768x1024.jpeg 768w, https:\/\/divemore.com.br\/wp-content\/uploads\/2024\/03\/frente-ensolarada-225x300.jpeg 225w, https:\/\/divemore.com.br\/wp-content\/uploads\/2024\/03\/frente-ensolarada-1152x1536.jpeg 1152w, https:\/\/divemore.com.br\/wp-content\/uploads\/2024\/03\/frente-ensolarada-600x800.jpeg 600w, https:\/\/divemore.com.br\/wp-content\/uploads\/2024\/03\/frente-ensolarada.jpeg 1200w\" sizes=\"(max-width: 768px) 100vw, 768px\" \/><\/figure>\n\n\n\n<p><strong>Piscina com 2 metros de profundidade<\/strong><\/p>\n\n\n\n<figure class=\"wp-block-gallery has-nested-images columns-default is-cropped wp-block-gallery-2 is-layout-flex wp-block-gallery-is-layout-flex\">\n<figure class=\"wp-block-image size-large\"><img loading=\"lazy\" decoding=\"async\" width=\"768\" height=\"1024\" data-id=\"1872\" src=\"https:\/\/divemore.com.br\/wp-content\/uploads\/2024\/03\/piscina-768x1024.png\" alt=\"\" class=\"wp-image-1872\"\/><\/figure>\n<\/figure>\n\n\n\n<p><strong>Piscina projetada para o ensino de mergulho<\/strong><\/p>\n\n\n\n<figure class=\"wp-block-gallery has-nested-images columns-default is-cropped wp-block-gallery-3 is-layout-flex wp-block-gallery-is-layout-flex\">\n<figure class=\"wp-block-image size-large\"><img loading=\"lazy\" decoding=\"async\" width=\"862\" height=\"1024\" data-id=\"1959\" src=\"https:\/\/divemore.com.br\/wp-content\/uploads\/2024\/05\/piscina-100-862x1024.jpeg\" alt=\"\" class=\"wp-image-1959\" srcset=\"https:\/\/divemore.com.br\/wp-content\/uploads\/2024\/05\/piscina-100-862x1024.jpeg 862w, https:\/\/divemore.com.br\/wp-content\/uploads\/2024\/05\/piscina-100-252x300.jpeg 252w, https:\/\/divemore.com.br\/wp-content\/uploads\/2024\/05\/piscina-100-768x913.jpeg 768w, https:\/\/divemore.com.br\/wp-content\/uploads\/2024\/05\/piscina-100-600x713.jpeg 600w, https:\/\/divemore.com.br\/wp-content\/uploads\/2024\/05\/piscina-100.jpeg 960w\" sizes=\"(max-width: 862px) 100vw, 862px\" \/><\/figure>\n<\/figure>\n\n\n\n<p><strong>Equipamentos de primeira linha<\/strong><\/p>\n\n\n\n<figure class=\"wp-block-image size-large is-resized\"><img loading=\"lazy\" decoding=\"async\" width=\"768\" height=\"1024\" src=\"https:\/\/divemore.com.br\/wp-content\/uploads\/2024\/11\/piscina-alunos-e-montanha-1-768x1024.jpeg\" alt=\"\" class=\"wp-image-2156\" style=\"width:838px;height:auto\" srcset=\"https:\/\/divemore.com.br\/wp-content\/uploads\/2024\/11\/piscina-alunos-e-montanha-1-768x1024.jpeg 768w, https:\/\/divemore.com.br\/wp-content\/uploads\/2024\/11\/piscina-alunos-e-montanha-1-225x300.jpeg 225w, https:\/\/divemore.com.br\/wp-content\/uploads\/2024\/11\/piscina-alunos-e-montanha-1-600x800.jpeg 600w, https:\/\/divemore.com.br\/wp-content\/uploads\/2024\/11\/piscina-alunos-e-montanha-1.jpeg 960w\" sizes=\"(max-width: 768px) 100vw, 768px\" \/><\/figure>\n\n\n\n<p><strong>Equipamentos a pronta &#8211; entrega e sob encomenda<\/strong><\/p>\n\n\n\n<figure class=\"wp-block-image size-large is-resized\"><img loading=\"lazy\" decoding=\"async\" width=\"768\" height=\"1024\" src=\"https:\/\/divemore.com.br\/wp-content\/uploads\/2024\/11\/loja-1-768x1024.jpg\" alt=\"\" class=\"wp-image-2147\" style=\"width:840px;height:auto\" srcset=\"https:\/\/divemore.com.br\/wp-content\/uploads\/2024\/11\/loja-1-768x1024.jpg 768w, https:\/\/divemore.com.br\/wp-content\/uploads\/2024\/11\/loja-1-225x300.jpg 225w, https:\/\/divemore.com.br\/wp-content\/uploads\/2024\/11\/loja-1-1152x1536.jpg 1152w, https:\/\/divemore.com.br\/wp-content\/uploads\/2024\/11\/loja-1-1536x2048.jpg 1536w, https:\/\/divemore.com.br\/wp-content\/uploads\/2024\/11\/loja-1-600x800.jpg 600w, https:\/\/divemore.com.br\/wp-content\/uploads\/2024\/11\/loja-1-scaled.jpg 1920w\" sizes=\"(max-width: 768px) 100vw, 768px\" \/><\/figure>\n\n\n\n<p><strong>Oficina especializada<\/strong><\/p>\n\n\n\n<figure class=\"wp-block-image size-large is-resized\"><img loading=\"lazy\" decoding=\"async\" width=\"768\" height=\"1024\" src=\"https:\/\/divemore.com.br\/wp-content\/uploads\/2024\/11\/oficina-1-768x1024.jpg\" alt=\"\" class=\"wp-image-2148\" style=\"width:837px;height:auto\" srcset=\"https:\/\/divemore.com.br\/wp-content\/uploads\/2024\/11\/oficina-1-768x1024.jpg 768w, https:\/\/divemore.com.br\/wp-content\/uploads\/2024\/11\/oficina-1-225x300.jpg 225w, https:\/\/divemore.com.br\/wp-content\/uploads\/2024\/11\/oficina-1-1152x1536.jpg 1152w, https:\/\/divemore.com.br\/wp-content\/uploads\/2024\/11\/oficina-1-1536x2048.jpg 1536w, https:\/\/divemore.com.br\/wp-content\/uploads\/2024\/11\/oficina-1-600x800.jpg 600w, https:\/\/divemore.com.br\/wp-content\/uploads\/2024\/11\/oficina-1-scaled.jpg 1920w\" sizes=\"(max-width: 768px) 100vw, 768px\" \/><\/figure>\n\n\n\n<p><strong>Sala de aula completa<\/strong><\/p>\n\n\n\n<figure class=\"wp-block-gallery has-nested-images columns-default is-cropped wp-block-gallery-4 is-layout-flex wp-block-gallery-is-layout-flex\">\n<figure class=\"wp-block-image size-large\"><img loading=\"lazy\" decoding=\"async\" width=\"768\" height=\"1024\" data-id=\"2150\" src=\"https:\/\/divemore.com.br\/wp-content\/uploads\/2024\/11\/sala-2-1-768x1024.jpg\" alt=\"\" class=\"wp-image-2150\" srcset=\"https:\/\/divemore.com.br\/wp-content\/uploads\/2024\/11\/sala-2-1-768x1024.jpg 768w, https:\/\/divemore.com.br\/wp-content\/uploads\/2024\/11\/sala-2-1-225x300.jpg 225w, https:\/\/divemore.com.br\/wp-content\/uploads\/2024\/11\/sala-2-1-1152x1536.jpg 1152w, https:\/\/divemore.com.br\/wp-content\/uploads\/2024\/11\/sala-2-1-1536x2048.jpg 1536w, https:\/\/divemore.com.br\/wp-content\/uploads\/2024\/11\/sala-2-1-600x800.jpg 600w, https:\/\/divemore.com.br\/wp-content\/uploads\/2024\/11\/sala-2-1-scaled.jpg 1920w\" sizes=\"(max-width: 768px) 100vw, 768px\" \/><\/figure>\n<\/figure>\n\n\n\n<p><strong>Tudo no mesmo endere\u00e7o<\/strong><\/p>\n\n\n\n<figure class=\"wp-block-gallery has-nested-images columns-default is-cropped wp-block-gallery-5 is-layout-flex wp-block-gallery-is-layout-flex\">\n<figure class=\"wp-block-image size-large\"><img loading=\"lazy\" decoding=\"async\" width=\"718\" height=\"898\" data-id=\"1769\" src=\"https:\/\/divemore.com.br\/wp-content\/uploads\/2022\/03\/15-1.jpeg\" alt=\"\" class=\"wp-image-1769\" srcset=\"https:\/\/divemore.com.br\/wp-content\/uploads\/2022\/03\/15-1.jpeg 718w, https:\/\/divemore.com.br\/wp-content\/uploads\/2022\/03\/15-1-240x300.jpeg 240w, https:\/\/divemore.com.br\/wp-content\/uploads\/2022\/03\/15-1-600x750.jpeg 600w, https:\/\/divemore.com.br\/wp-content\/uploads\/2022\/03\/15-1-48x60.jpeg 48w, https:\/\/divemore.com.br\/wp-content\/uploads\/2022\/03\/15-1-72x90.jpeg 72w\" sizes=\"(max-width: 718px) 100vw, 718px\" \/><\/figure>\n<\/figure>\n\n\n\n<p><strong>SAIBA MAIS EM &#8220;DIVEMORE&#8221; E &#8220;STAFF&#8221; OU ENTRE EM CONTATO.<\/strong><\/p>\n\n\n\n<p><strong> SER\u00c1 UMA SATISFA\u00c7\u00c3O AJUDAR.<\/strong><\/p>\n\n\n\n<div class=\"wp-block-group\"><div class=\"wp-block-group__inner-container is-layout-flow wp-block-group-is-layout-flow\">\n<p><strong>alessandro@divemore.com.br<\/strong><\/p>\n\n\n\n<p><strong>(48) 99102 8084<\/strong><\/p>\n\n\n\n<p><strong>DIVEMORE Escola de Mergulho<\/strong><\/p>\n\n\n\n<p><strong>Rua Severiano Firmino Martins, 240 &#8211; Ribeir\u00e3o da ilha- Florian\u00f3plis &#8211; SC  &#8211; 88064-400<\/strong><\/p>\n\n\n\n<p><strong>CNPJ 40.046.588\/0001-39<\/strong><\/p>\n\n\n\n<p><strong>CADASTUR<\/strong> <strong>40.046.588\/0001-39<\/strong><\/p>\n\n\n\n<p><\/p>\n\n\n\n<ul class=\"wp-block-social-links is-layout-flex wp-block-social-links-is-layout-flex\">\n\n\n\n\n\n<li class=\"wp-social-link wp-social-link-instagram  wp-block-social-link\"><a href=\"https:\/\/www.instagram.com\/dive.more\/\" class=\"wp-block-social-link-anchor\"><svg width=\"24\" height=\"24\" viewBox=\"0 0 24 24\" version=\"1.1\" xmlns=\"http:\/\/www.w3.org\/2000\/svg\" aria-hidden=\"true\" focusable=\"false\"><path d=\"M12,4.622c2.403,0,2.688,0.009,3.637,0.052c0.877,0.04,1.354,0.187,1.671,0.31c0.42,0.163,0.72,0.358,1.035,0.673 c0.315,0.315,0.51,0.615,0.673,1.035c0.123,0.317,0.27,0.794,0.31,1.671c0.043,0.949,0.052,1.234,0.052,3.637 s-0.009,2.688-0.052,3.637c-0.04,0.877-0.187,1.354-0.31,1.671c-0.163,0.42-0.358,0.72-0.673,1.035 c-0.315,0.315-0.615,0.51-1.035,0.673c-0.317,0.123-0.794,0.27-1.671,0.31c-0.949,0.043-1.233,0.052-3.637,0.052 s-2.688-0.009-3.637-0.052c-0.877-0.04-1.354-0.187-1.671-0.31c-0.42-0.163-0.72-0.358-1.035-0.673 c-0.315-0.315-0.51-0.615-0.673-1.035c-0.123-0.317-0.27-0.794-0.31-1.671C4.631,14.688,4.622,14.403,4.622,12 s0.009-2.688,0.052-3.637c0.04-0.877,0.187-1.354,0.31-1.671c0.163-0.42,0.358-0.72,0.673-1.035 c0.315-0.315,0.615-0.51,1.035-0.673c0.317-0.123,0.794-0.27,1.671-0.31C9.312,4.631,9.597,4.622,12,4.622 M12,3 C9.556,3,9.249,3.01,8.289,3.054C7.331,3.098,6.677,3.25,6.105,3.472C5.513,3.702,5.011,4.01,4.511,4.511 c-0.5,0.5-0.808,1.002-1.038,1.594C3.25,6.677,3.098,7.331,3.054,8.289C3.01,9.249,3,9.556,3,12c0,2.444,0.01,2.751,0.054,3.711 c0.044,0.958,0.196,1.612,0.418,2.185c0.23,0.592,0.538,1.094,1.038,1.594c0.5,0.5,1.002,0.808,1.594,1.038 c0.572,0.222,1.227,0.375,2.185,0.418C9.249,20.99,9.556,21,12,21s2.751-0.01,3.711-0.054c0.958-0.044,1.612-0.196,2.185-0.418 c0.592-0.23,1.094-0.538,1.594-1.038c0.5-0.5,0.808-1.002,1.038-1.594c0.222-0.572,0.375-1.227,0.418-2.185 C20.99,14.751,21,14.444,21,12s-0.01-2.751-0.054-3.711c-0.044-0.958-0.196-1.612-0.418-2.185c-0.23-0.592-0.538-1.094-1.038-1.594 c-0.5-0.5-1.002-0.808-1.594-1.038c-0.572-0.222-1.227-0.375-2.185-0.418C14.751,3.01,14.444,3,12,3L12,3z M12,7.378 c-2.552,0-4.622,2.069-4.622,4.622S9.448,16.622,12,16.622s4.622-2.069,4.622-4.622S14.552,7.378,12,7.378z M12,15 c-1.657,0-3-1.343-3-3s1.343-3,3-3s3,1.343,3,3S13.657,15,12,15z M16.804,6.116c-0.596,0-1.08,0.484-1.08,1.08 s0.484,1.08,1.08,1.08c0.596,0,1.08-0.484,1.08-1.08S17.401,6.116,16.804,6.116z\"><\/path><\/svg><span class=\"wp-block-social-link-label screen-reader-text\">Instagram<\/span><\/a><\/li>\n\n\n\n\n\n\n\n<li class=\"wp-social-link wp-social-link-facebook  wp-block-social-link\"><a href=\"https:\/\/www.facebook.com\/divemoremergulho\/\" class=\"wp-block-social-link-anchor\"><svg width=\"24\" height=\"24\" viewBox=\"0 0 24 24\" version=\"1.1\" xmlns=\"http:\/\/www.w3.org\/2000\/svg\" aria-hidden=\"true\" focusable=\"false\"><path d=\"M12 2C6.5 2 2 6.5 2 12c0 5 3.7 9.1 8.4 9.9v-7H7.9V12h2.5V9.8c0-2.5 1.5-3.9 3.8-3.9 1.1 0 2.2.2 2.2.2v2.5h-1.3c-1.2 0-1.6.8-1.6 1.6V12h2.8l-.4 2.9h-2.3v7C18.3 21.1 22 17 22 12c0-5.5-4.5-10-10-10z\"><\/path><\/svg><span class=\"wp-block-social-link-label screen-reader-text\">Facebook<\/span><\/a><\/li>\n\n<li class=\"wp-social-link wp-social-link-youtube  wp-block-social-link\"><a href=\"https:\/\/www.youtube.com\/channel\/UCJvXSpe2P0TiipQ6egv9NQw\/featured?view_as=subscriber\" class=\"wp-block-social-link-anchor\"><svg width=\"24\" height=\"24\" viewBox=\"0 0 24 24\" version=\"1.1\" xmlns=\"http:\/\/www.w3.org\/2000\/svg\" aria-hidden=\"true\" focusable=\"false\"><path d=\"M21.8,8.001c0,0-0.195-1.378-0.795-1.985c-0.76-0.797-1.613-0.801-2.004-0.847c-2.799-0.202-6.997-0.202-6.997-0.202 h-0.009c0,0-4.198,0-6.997,0.202C4.608,5.216,3.756,5.22,2.995,6.016C2.395,6.623,2.2,8.001,2.2,8.001S2,9.62,2,11.238v1.517 c0,1.618,0.2,3.237,0.2,3.237s0.195,1.378,0.795,1.985c0.761,0.797,1.76,0.771,2.205,0.855c1.6,0.153,6.8,0.201,6.8,0.201 s4.203-0.006,7.001-0.209c0.391-0.047,1.243-0.051,2.004-0.847c0.6-0.607,0.795-1.985,0.795-1.985s0.2-1.618,0.2-3.237v-1.517 C22,9.62,21.8,8.001,21.8,8.001z M9.935,14.594l-0.001-5.62l5.404,2.82L9.935,14.594z\"><\/path><\/svg><span class=\"wp-block-social-link-label screen-reader-text\">YouTube<\/span><\/a><\/li><\/ul>\n<\/div><\/div>\n","protected":false},"excerpt":{"rendered":"<p>DIVEMORE: PARA QUEM QUER A MELHOR EXPERI\u00caNCIA! POR QUE DIVEMORE? Estrutura moderna e confort\u00e1vel Piscina com 2 metros de profundidade Piscina projetada para o ensino de mergulho Equipamentos de primeira<\/p>\n","protected":false},"author":1,"featured_media":0,"parent":0,"menu_order":0,"comment_status":"closed","ping_status":"closed","template":"","meta":{"footnotes":""},"class_list":{"1":"page","2":"type-page","3":"status-publish","4":"hentry"},"jetpack_sharing_enabled":true,"_links":{"self":[{"href":"https:\/\/divemore.com.br\/index.php?rest_route=\/wp\/v2\/pages\/130","targetHints":{"allow":["GET"]}}],"collection":[{"href":"https:\/\/divemore.com.br\/index.php?rest_route=\/wp\/v2\/pages"}],"about":[{"href":"https:\/\/divemore.com.br\/index.php?rest_route=\/wp\/v2\/types\/page"}],"author":[{"embeddable":true,"href":"https:\/\/divemore.com.br\/index.php?rest_route=\/wp\/v2\/users\/1"}],"replies":[{"embeddable":true,"href":"https:\/\/divemore.com.br\/index.php?rest_route=%2Fwp%2Fv2%2Fcomments&post=130"}],"version-history":[{"count":154,"href":"https:\/\/divemore.com.br\/index.php?rest_route=\/wp\/v2\/pages\/130\/revisions"}],"predecessor-version":[{"id":2242,"href":"https:\/\/divemore.com.br\/index.php?rest_route=\/wp\/v2\/pages\/130\/revisions\/2242"}],"wp:attachment":[{"href":"https:\/\/divemore.com.br\/index.php?rest_route=%2Fwp%2Fv2%2Fmedia&parent=130"}],"curies":[{"name":"wp","href":"https:\/\/api.w.org\/{rel}","templated":true}]}}